
{"id":76426,"date":"2024-03-06T10:50:12","date_gmt":"2024-03-06T10:50:12","guid":{"rendered":"https:\/\/carfast.pt\/termos-e-condicoes\/"},"modified":"2026-01-26T16:46:46","modified_gmt":"2026-01-26T16:46:46","slug":"termos-e-condicoes-politica-de-privacidade","status":"publish","type":"page","link":"https:\/\/carpin.wevolved.com\/fr\/termos-e-condicoes-politica-de-privacidade\/","title":{"rendered":"CONDITIONS G\u00c9N\u00c9RALES &#038; POLITIQUE DE CONFIDENTIALIT\u00c9"},"content":{"rendered":"<p>[vc_row el_class=&#8221;page-doc&#8221;][vc_column][vc_row_inner][vc_column_inner][vc_column_text]<\/p>\n<div class=\"flex flex-col text-sm pb-25\">\n<article class=\"text-token-text-primary w-full focus:outline-none [--shadow-height:45px] has-data-writing-block:pointer-events-none has-data-writing-block:-mt-(--shadow-height) has-data-writing-block:pt-(--shadow-height) [&amp;:has([data-writing-block])&gt;*]:pointer-events-auto scroll-mt-[calc(var(--header-height)+min(200px,max(70px,20svh)))]\" dir=\"auto\" tabindex=\"-1\" data-turn-id=\"request-WEB:d32d3b83-7f76-41bd-8682-9adf3989cdde-56\" data-testid=\"conversation-turn-114\" data-scroll-anchor=\"true\" data-turn=\"assistant\">\n<div class=\"text-base my-auto mx-auto pb-10 [--thread-content-margin:--spacing(4)] @w-sm\/main:[--thread-content-margin:--spacing(6)] @w-lg\/main:[--thread-content-margin:--spacing(16)] px-(--thread-content-margin)\">\n<div class=\"[--thread-content-max-width:40rem] @w-lg\/main:[--thread-content-max-width:48rem] mx-auto max-w-(--thread-content-max-width) flex-1 group\/turn-messages focus-visible:outline-hidden relative flex w-full min-w-0 flex-col agent-turn\" tabindex=\"-1\">\n<div class=\"flex max-w-full flex-col grow\">\n<div class=\"min-h-8 text-message relative flex w-full flex-col items-end gap-2 text-start break-words whitespace-normal [.text-message+&amp;]:mt-1\" dir=\"auto\" data-message-author-role=\"assistant\" data-message-id=\"1ca5bb4d-1d28-4efa-956c-32d673ad95ba\" data-message-model-slug=\"gpt-5-mini\">\n<div class=\"flex w-full flex-col gap-1 empty:hidden first:pt-[1px]\">\n<div class=\"markdown prose dark:prose-invert w-full break-words light markdown-new-styling\">\n<p data-start=\"70\" data-end=\"108\"><strong data-start=\"70\" data-end=\"108\">CONDITIONS G\u00c9N\u00c9RALES \u2013 CARPIN RENT<\/strong><\/p>\n<hr data-start=\"110\" data-end=\"113\" \/>\n<h3 data-start=\"115\" data-end=\"149\">1. <strong data-start=\"122\" data-end=\"149\">\u00c0 propos de CarPin Rent<\/strong><\/h3>\n<p data-start=\"151\" data-end=\"521\">CarPin Rent est une entreprise de location de v\u00e9hicules bas\u00e9e en Suisse, op\u00e9rant au Portugal. Nous sommes partenaires de plusieurs entreprises de location de voitures, dont les v\u00e9hicules sont disponibles \u00e0 la r\u00e9servation directement sur notre site. De plus, nous collaborons \u00e9galement avec des plateformes externes, comme Rentcars, pour faciliter l&#8217;acc\u00e8s \u00e0 nos services.<\/p>\n<hr data-start=\"523\" data-end=\"526\" \/>\n<h3 data-start=\"528\" data-end=\"586\">2. <strong data-start=\"535\" data-end=\"586\">Ce dont vous avez besoin pour louer un v\u00e9hicule<\/strong><\/h3>\n<p data-start=\"588\" data-end=\"632\">Pour louer un v\u00e9hicule, le conducteur doit :<\/p>\n<ul data-start=\"634\" data-end=\"947\">\n<li data-start=\"634\" data-end=\"709\">\n<p data-start=\"636\" data-end=\"709\">Avoir entre 19 et 21 ans (selon le groupe de v\u00e9hicule et le partenaire) ;<\/p>\n<\/li>\n<li data-start=\"710\" data-end=\"772\">\n<p data-start=\"712\" data-end=\"772\">Poss\u00e9der un permis de conduire valide depuis au moins 1 an ;<\/p>\n<\/li>\n<li data-start=\"773\" data-end=\"847\">\n<p data-start=\"775\" data-end=\"847\">Pr\u00e9senter un document d&#8217;identification (Carte d&#8217;Identit\u00e9 ou Passeport) ;<\/p>\n<\/li>\n<li data-start=\"848\" data-end=\"947\">\n<p data-start=\"850\" data-end=\"947\">Avoir une carte de cr\u00e9dit \u00e0 son nom ou \u00e0 celui de la personne pr\u00e9sente pour le d\u00e9p\u00f4t de garantie.<\/p>\n<\/li>\n<\/ul>\n<p data-start=\"949\" data-end=\"1062\"><strong data-start=\"949\" data-end=\"964\">Important :<\/strong> L&#8217;\u00e2ge minimum et les exigences peuvent varier en fonction du groupe de v\u00e9hicule et du partenaire.<\/p>\n<hr data-start=\"1064\" data-end=\"1067\" \/>\n<h3 data-start=\"1069\" data-end=\"1110\">3. <strong data-start=\"1076\" data-end=\"1110\">Comment fonctionne le paiement<\/strong><\/h3>\n<p data-start=\"1112\" data-end=\"1148\">Le paiement se fait en deux \u00e9tapes :<\/p>\n<ul data-start=\"1150\" data-end=\"1350\">\n<li data-start=\"1150\" data-end=\"1240\">\n<p data-start=\"1152\" data-end=\"1240\"><strong data-start=\"1152\" data-end=\"1173\">Premi\u00e8re partie :<\/strong> Un pr\u00e9paiement initial lors de la finalisation de la r\u00e9servation ;<\/p>\n<\/li>\n<li data-start=\"1241\" data-end=\"1350\">\n<p data-start=\"1243\" data-end=\"1350\"><strong data-start=\"1243\" data-end=\"1264\">Deuxi\u00e8me partie :<\/strong> Le solde restant est pay\u00e9 lors de la collecte du v\u00e9hicule aupr\u00e8s de notre partenaire.<\/p>\n<\/li>\n<\/ul>\n<p data-start=\"1352\" data-end=\"1477\">Les prix, les conditions d&#8217;annulation et les extras peuvent varier en fonction du groupe de v\u00e9hicule choisi et du partenaire.<\/p>\n<hr data-start=\"1479\" data-end=\"1482\" \/>\n<h3 data-start=\"1484\" data-end=\"1512\">4. <strong data-start=\"1491\" data-end=\"1512\">D\u00e9p\u00f4t de garantie<\/strong><\/h3>\n<p data-start=\"1514\" data-end=\"1753\">Le montant du d\u00e9p\u00f4t de garantie sera bloqu\u00e9 sur votre carte de cr\u00e9dit lors de la collecte du v\u00e9hicule. Ce montant sera d\u00e9bloqu\u00e9 apr\u00e8s la restitution du v\u00e9hicule, sous r\u00e9serve qu&#8217;il n&#8217;y ait pas de dommages, amendes ou frais suppl\u00e9mentaires.<\/p>\n<p data-start=\"1755\" data-end=\"1813\">Tous les partenaires ne bloquent pas un d\u00e9p\u00f4t de garantie.<\/p>\n<hr data-start=\"1815\" data-end=\"1818\" \/>\n<h3 data-start=\"1820\" data-end=\"1866\">5. <strong data-start=\"1827\" data-end=\"1866\">Collecte et restitution du v\u00e9hicule<\/strong><\/h3>\n<ul data-start=\"1868\" data-end=\"2207\">\n<li data-start=\"1868\" data-end=\"1928\">\n<p data-start=\"1870\" data-end=\"1928\">Le v\u00e9hicule sera livr\u00e9 en parfait \u00e9tat de fonctionnement ;<\/p>\n<\/li>\n<li data-start=\"1929\" data-end=\"1993\">\n<p data-start=\"1931\" data-end=\"1993\">Restituez le v\u00e9hicule \u00e0 la date, l&#8217;heure et le lieu convenus ;<\/p>\n<\/li>\n<li data-start=\"1994\" data-end=\"2063\">\n<p data-start=\"1996\" data-end=\"2063\">Des frais suppl\u00e9mentaires peuvent \u00eatre appliqu\u00e9s en cas de retard ;<\/p>\n<\/li>\n<li data-start=\"2064\" data-end=\"2207\">\n<p data-start=\"2066\" data-end=\"2207\">Le v\u00e9hicule doit \u00eatre restitu\u00e9 avec le m\u00eame niveau de carburant qu&#8217;\u00e0 la livraison (sauf si un service de carburant diff\u00e9rent a \u00e9t\u00e9 souscrit).<\/p>\n<\/li>\n<\/ul>\n<hr data-start=\"2209\" data-end=\"2212\" \/>\n<h3 data-start=\"2214\" data-end=\"2248\">6. <strong data-start=\"2221\" data-end=\"2248\">Utilisation du v\u00e9hicule<\/strong><\/h3>\n<p data-start=\"2250\" data-end=\"2326\">Vous devez utiliser le v\u00e9hicule de mani\u00e8re responsable. Il est interdit de :<\/p>\n<ul data-start=\"2328\" data-end=\"2628\">\n<li data-start=\"2328\" data-end=\"2373\">\n<p data-start=\"2330\" data-end=\"2373\">Utiliser le v\u00e9hicule \u00e0 des fins ill\u00e9gales ;<\/p>\n<\/li>\n<li data-start=\"2374\" data-end=\"2431\">\n<p data-start=\"2376\" data-end=\"2431\">Laisser une autre personne conduire sans autorisation ;<\/p>\n<\/li>\n<li data-start=\"2432\" data-end=\"2503\">\n<p data-start=\"2434\" data-end=\"2503\">Conduire sous l&#8217;influence de l&#8217;alcool, de drogues ou de m\u00e9dicaments ;<\/p>\n<\/li>\n<li data-start=\"2504\" data-end=\"2576\">\n<p data-start=\"2506\" data-end=\"2576\">Participer \u00e0 des courses ou transporter des marchandises dangereuses ;<\/p>\n<\/li>\n<li data-start=\"2577\" data-end=\"2628\">\n<p data-start=\"2579\" data-end=\"2628\">Circuler en dehors du Portugal sans autorisation.<\/p>\n<\/li>\n<\/ul>\n<hr data-start=\"2630\" data-end=\"2633\" \/>\n<h3 data-start=\"2635\" data-end=\"2673\">7. <strong data-start=\"2642\" data-end=\"2673\">Assurance et Responsabilit\u00e9<\/strong><\/h3>\n<p data-start=\"2675\" data-end=\"2891\">Tous les v\u00e9hicules sont couverts par une assurance responsabilit\u00e9 civile.<br data-start=\"2748\" data-end=\"2751\" \/>Vous \u00eates responsable des dommages jusqu&#8217;\u00e0 la limite de la franchise. Les dommages caus\u00e9s par une mauvaise utilisation ne sont pas couverts.<\/p>\n<hr data-start=\"2893\" data-end=\"2896\" \/>\n<h3 data-start=\"2898\" data-end=\"2931\">8. <strong data-start=\"2905\" data-end=\"2931\">Amendes et Infractions<\/strong><\/h3>\n<p data-start=\"2933\" data-end=\"3098\">Vous \u00eates responsable de toutes les amendes et infractions pendant la p\u00e9riode de location.<br data-start=\"3023\" data-end=\"3026\" \/>Nous pouvons facturer des frais administratifs pour g\u00e9rer ces incidents.<\/p>\n<hr data-start=\"3100\" data-end=\"3103\" \/>\n<h3 data-start=\"3105\" data-end=\"3147\">9. <strong data-start=\"3112\" data-end=\"3147\">Annulations et Non-pr\u00e9sentation<\/strong><\/h3>\n<p data-start=\"3149\" data-end=\"3329\">Les conditions d&#8217;annulation seront pr\u00e9cis\u00e9es dans la confirmation de r\u00e9servation.<br data-start=\"3230\" data-end=\"3233\" \/>Si vous ne vous pr\u00e9sentez pas pour r\u00e9cup\u00e9rer la voiture, vous risquez de perdre le montant pay\u00e9.<\/p>\n<hr data-start=\"3331\" data-end=\"3334\" \/>\n<h3 data-start=\"3336\" data-end=\"3378\">10. <strong data-start=\"3344\" data-end=\"3378\">Ce qui est inclus dans le prix<\/strong><\/h3>\n<p data-start=\"3380\" data-end=\"3446\">Le prix de la location inclut g\u00e9n\u00e9ralement les \u00e9l\u00e9ments suivants :<\/p>\n<ul data-start=\"3448\" data-end=\"3906\">\n<li data-start=\"3448\" data-end=\"3659\">\n<p data-start=\"3450\" data-end=\"3659\">Assurance de base, avec la possibilit\u00e9 de choisir diff\u00e9rents types d&#8217;assurances pour chaque v\u00e9hicule. Lors du choix de l&#8217;assurance, le client peut consulter ce qui est inclus dans chaque option de couverture ;<\/p>\n<\/li>\n<li data-start=\"3660\" data-end=\"3727\">\n<p data-start=\"3662\" data-end=\"3727\">Kilom\u00e9trage (illimit\u00e9 ou limit\u00e9, selon le v\u00e9hicule s\u00e9lectionn\u00e9) ;<\/p>\n<\/li>\n<li data-start=\"3728\" data-end=\"3802\">\n<p data-start=\"3730\" data-end=\"3802\">Assistance routi\u00e8re, disponible en fonction du type d&#8217;assurance choisi ;<\/p>\n<\/li>\n<li data-start=\"3803\" data-end=\"3831\">\n<p data-start=\"3805\" data-end=\"3831\">TVA et taxes applicables ;<\/p>\n<\/li>\n<li data-start=\"3832\" data-end=\"3906\">\n<p data-start=\"3834\" data-end=\"3906\">Extras optionnels, tels que GPS, si\u00e8ges pour enfants, etc., si demand\u00e9s.<\/p>\n<\/li>\n<\/ul>\n<hr data-start=\"3908\" data-end=\"3911\" \/>\n<h3 data-start=\"3913\" data-end=\"3947\">11. <strong data-start=\"3921\" data-end=\"3947\">Protection des donn\u00e9es<\/strong><\/h3>\n<p data-start=\"3949\" data-end=\"4086\">Nous traitons vos donn\u00e9es personnelles conform\u00e9ment \u00e0 la l\u00e9gislation sur la protection des donn\u00e9es, exclusivement pour g\u00e9rer la location.<\/p>\n<hr data-start=\"4088\" data-end=\"4091\" \/>\n<h3 data-start=\"4093\" data-end=\"4148\">12. <strong data-start=\"4101\" data-end=\"4148\">Limitation de responsabilit\u00e9 de CarPin Rent<\/strong><\/h3>\n<p data-start=\"4150\" data-end=\"4622\">CarPin agit uniquement en tant qu\u2019interm\u00e9diaire et n\u2019assume aucune responsabilit\u00e9 pour les dommages, accidents, amendes, infractions ou tout autre probl\u00e8me survenant pendant la p\u00e9riode de location du v\u00e9hicule.<\/p>\n<\/div>\n<\/div>\n<\/div>\n<\/div>\n<\/div>\n<\/div>\n<\/article>\n<\/div>\n<div class=\"pointer-events-none h-px w-px absolute bottom-0\" aria-hidden=\"true\" data-edge=\"true\"><\/div>\n<p>[\/vc_column_text][\/vc_column_inner][\/vc_row_inner][vc_column_inner][\/vc_column_inner][\/vc_column][\/vc_row][vc_row][vc_column][vc_column_text][\/vc_column_text][\/vc_column][\/vc_row]<\/p>\n","protected":false},"excerpt":{"rendered":"<p>[vc_row el_class=&#8221;page-doc&#8221;][vc_column][vc_row_inner][vc_column_inner][vc_column_text] CONDITIONS G\u00c9N\u00c9RALES \u2013 CARPIN RENT 1. \u00c0 propos de CarPin Rent CarPin Rent est une entreprise de location de v\u00e9hicules bas\u00e9e en Suisse, op\u00e9rant au Portugal. Nous sommes partenaires de plusieurs entreprises de location de voitures, dont les v\u00e9hicules sont disponibles \u00e0 la r\u00e9servation directement sur notre site. De plus, nous collaborons \u00e9galement [&hellip;]<\/p>\n","protected":false},"author":1,"featured_media":0,"parent":0,"menu_order":0,"comment_status":"closed","ping_status":"closed","template":"","meta":{"footnotes":""},"class_list":["post-76426","page","type-page","status-publish","hentry"],"_links":{"self":[{"href":"https:\/\/carpin.wevolved.com\/fr\/wp-json\/wp\/v2\/pages\/76426","targetHints":{"allow":["GET"]}}],"collection":[{"href":"https:\/\/carpin.wevolved.com\/fr\/wp-json\/wp\/v2\/pages"}],"about":[{"href":"https:\/\/carpin.wevolved.com\/fr\/wp-json\/wp\/v2\/types\/page"}],"author":[{"embeddable":true,"href":"https:\/\/carpin.wevolved.com\/fr\/wp-json\/wp\/v2\/users\/1"}],"replies":[{"embeddable":true,"href":"https:\/\/carpin.wevolved.com\/fr\/wp-json\/wp\/v2\/comments?post=76426"}],"version-history":[{"count":16,"href":"https:\/\/carpin.wevolved.com\/fr\/wp-json\/wp\/v2\/pages\/76426\/revisions"}],"predecessor-version":[{"id":1157685,"href":"https:\/\/carpin.wevolved.com\/fr\/wp-json\/wp\/v2\/pages\/76426\/revisions\/1157685"}],"wp:attachment":[{"href":"https:\/\/carpin.wevolved.com\/fr\/wp-json\/wp\/v2\/media?parent=76426"}],"curies":[{"name":"wp","href":"https:\/\/api.w.org\/{rel}","templated":true}]}}