
{"id":69080,"date":"2024-03-06T10:07:07","date_gmt":"2024-03-06T10:07:07","guid":{"rendered":"https:\/\/carfast.pt\/?page_id=69080"},"modified":"2025-12-16T15:49:54","modified_gmt":"2025-12-16T15:49:54","slug":"a-propos-de-nous","status":"publish","type":"page","link":"https:\/\/carpin.wevolved.com\/fr\/a-propos-de-nous\/","title":{"rendered":"\u00c0 Propos"},"content":{"rendered":"<p>[vc_row el_class=&#8221;services-3 sobre-us-1 &#8220;][vc_column][vc_column_text]<\/p>\n<h2 style=\"text-align: center;\">Bien plus que la mobilit\u00e9.<br \/>\nUne exp\u00e9rience premium.<\/h2>\n<p>[\/vc_column_text][vc_row_inner][vc_column_inner width=&#8221;1\/4&#8243;][vc_column_text el_class=&#8221;sevicos-bloco-sms&#8221;]<\/p>\n<h3>V\u00e9hicules premium<\/h3>\n<p>Con\u00e7us pour offrir confort et s\u00e9curit\u00e9 \u00e0 chaque trajet.<\/p>\n<p>[\/vc_column_text][vc_column_text el_class=&#8221;sevicos-bloco-sms&#8221;]<\/p>\n<h3>Processus efficaces<\/h3>\n<p>Des processus rapides et attentifs aux d\u00e9tails, afin que votre temps soit toujours valoris\u00e9.<\/p>\n<p>[\/vc_column_text][vc_column_text el_class=&#8221;sevicos-bloco-sms&#8221;]<\/p>\n<h3>Professionnels d\u00e9di\u00e9s<\/h3>\n<p>Une \u00e9quipe d\u00e9di\u00e9e \u00e0 offrir une exp\u00e9rience client personnalis\u00e9e.<\/p>\n<p>[\/vc_column_text][\/vc_column_inner][vc_column_inner width=&#8221;3\/4&#8243;][vc_single_image image=&#8221;1154089&#8243; img_size=&#8221;full&#8221; alignment=&#8221;right&#8221;][\/vc_column_inner][\/vc_row_inner][\/vc_column][\/vc_row]<\/p>\n<p>[vc_row full_width=&#8221;stretch_row_content_no_spaces&#8221; el_class=&#8221;page-servicos servicos-top-center services-4&#8243; css=&#8221;.vc_custom_1761314969554{background-image: url(https:\/\/carpin.wevolved.com\/wp-content\/uploads\/2025\/10\/hero-3-1.png?id=1154066) !important;background-position: center !important;background-repeat: no-repeat !important;background-size: cover !important;}&#8221;][vc_column][vc_column_text]<\/p>\n<h2 style=\"text-align: center;\">Des services qui font la diff\u00e9rence.<\/h2>\n<p style=\"text-align: center;\">Confort, flexibilit\u00e9 et accompagnement expert :<br \/>\ntout ce dont vous avez besoin pour une exp\u00e9rience fluide et sans contraintes.<\/p>\n<p style=\"text-align: center;\"><a class=\"btn-principal\" href=\"\/servicos\/\">Nos services<\/a><\/p>\n<p>[\/vc_column_text][\/vc_column][\/vc_row]<\/p>\n","protected":false},"excerpt":{"rendered":"<p>[vc_row el_class=&#8221;services-3 sobre-us-1 &#8220;][vc_column][vc_column_text] Bien plus que la mobilit\u00e9. Une exp\u00e9rience premium. [\/vc_column_text][vc_row_inner][vc_column_inner width=&#8221;1\/4&#8243;][vc_column_text el_class=&#8221;sevicos-bloco-sms&#8221;] V\u00e9hicules premium Con\u00e7us pour offrir confort et s\u00e9curit\u00e9 \u00e0 chaque trajet. [\/vc_column_text][vc_column_text el_class=&#8221;sevicos-bloco-sms&#8221;] Processus efficaces Des processus rapides et attentifs aux d\u00e9tails, afin que votre temps soit toujours valoris\u00e9. [\/vc_column_text][vc_column_text el_class=&#8221;sevicos-bloco-sms&#8221;] Professionnels d\u00e9di\u00e9s Une \u00e9quipe d\u00e9di\u00e9e \u00e0 offrir une exp\u00e9rience [&hellip;]<\/p>\n","protected":false},"author":1,"featured_media":0,"parent":0,"menu_order":0,"comment_status":"closed","ping_status":"closed","template":"","meta":{"footnotes":""},"class_list":["post-69080","page","type-page","status-publish","hentry"],"_links":{"self":[{"href":"https:\/\/carpin.wevolved.com\/fr\/wp-json\/wp\/v2\/pages\/69080","targetHints":{"allow":["GET"]}}],"collection":[{"href":"https:\/\/carpin.wevolved.com\/fr\/wp-json\/wp\/v2\/pages"}],"about":[{"href":"https:\/\/carpin.wevolved.com\/fr\/wp-json\/wp\/v2\/types\/page"}],"author":[{"embeddable":true,"href":"https:\/\/carpin.wevolved.com\/fr\/wp-json\/wp\/v2\/users\/1"}],"replies":[{"embeddable":true,"href":"https:\/\/carpin.wevolved.com\/fr\/wp-json\/wp\/v2\/comments?post=69080"}],"version-history":[{"count":1,"href":"https:\/\/carpin.wevolved.com\/fr\/wp-json\/wp\/v2\/pages\/69080\/revisions"}],"predecessor-version":[{"id":1155555,"href":"https:\/\/carpin.wevolved.com\/fr\/wp-json\/wp\/v2\/pages\/69080\/revisions\/1155555"}],"wp:attachment":[{"href":"https:\/\/carpin.wevolved.com\/fr\/wp-json\/wp\/v2\/media?parent=69080"}],"curies":[{"name":"wp","href":"https:\/\/api.w.org\/{rel}","templated":true}]}}