
{"id":69075,"date":"2024-03-06T10:06:52","date_gmt":"2024-03-06T10:06:52","guid":{"rendered":"https:\/\/carfast.pt\/services\/"},"modified":"2026-01-16T11:56:30","modified_gmt":"2026-01-16T11:56:30","slug":"services","status":"publish","type":"page","link":"https:\/\/carpin.wevolved.com\/fr\/services\/","title":{"rendered":"Services"},"content":{"rendered":"<p>[vc_row full_width=&#8221;stretch_row_content_no_spaces&#8221; el_class=&#8221;page-servicos servicos-top-center services-1&#8243; css=&#8221;.vc_custom_1761312199062{background-image: url(https:\/\/carpin.wevolved.com\/wp-content\/uploads\/2025\/10\/hero-1-1.png?id=1154060) !important;background-position: center !important;background-repeat: no-repeat !important;background-size: cover !important;}&#8221;][vc_column][vc_column_text]<\/p>\n<h2 style=\"text-align: center;\">Location de v\u00e9hicules<br \/>\npour les entreprises<\/h2>\n<p style=\"text-align: center;\">Que vous disposiez d\u2019une petite \u00e9quipe ou d\u2019une grande structure,<br \/>\nnous proposons des solutions de mobilit\u00e9 flexibles et adapt\u00e9es \u00e0 vos besoins.<\/p>\n<p>[\/vc_column_text][\/vc_column][\/vc_row][vc_row full_width=&#8221;stretch_row_content_no_spaces&#8221; el_class=&#8221;page-servicos servicos-top-left services-2&#8243; css=&#8221;.vc_custom_1761312183024{background-image: url(https:\/\/carpin.wevolved.com\/wp-content\/uploads\/2025\/10\/hero-2-1.png?id=1154063) !important;background-position: center !important;background-repeat: no-repeat !important;background-size: cover !important;}&#8221;][vc_column][vc_column_text]<\/p>\n<h2 style=\"text-align: left;\">Promenade Facile<\/h2>\n<p style=\"text-align: left;\">Arrivez \u00e0 l\u2019a\u00e9roport de Porto et profitez de notre service de navette gratuit, pr\u00eat \u00e0 vous conduire jusqu\u2019\u00e0 votre v\u00e9hicule en toute simplicit\u00e9.<\/p>\n<p>[\/vc_column_text][\/vc_column][\/vc_row][vc_row el_class=&#8221;services-3&#8243;][vc_column][vc_column_text]<\/p>\n<h2 style=\"text-align: center;\">Ajoutez confort, s\u00e9curit\u00e9 et praticit\u00e9 \u00e0 votre r\u00e9servation<\/h2>\n<p>[\/vc_column_text][vc_row_inner][vc_column_inner el_class=&#8221;sevicos-bloco-sms&#8221; width=&#8221;1\/3&#8243;][vc_column_text]<\/p>\n<h6 style=\"text-align: left;\">Navigation intelligente<\/h6>\n<h3>Rep\u00e9rez-vous en toute confiance<\/h3>\n<p>Tous les v\u00e9hicules CARPIN peuvent \u00eatre \u00e9quip\u00e9s d\u2019un syst\u00e8me GPS, garantissant une navigation plus s\u00fbre et plus efficace tout au long de votre trajet.<br \/>\n[\/vc_column_text][\/vc_column_inner][vc_column_inner el_class=&#8221;sevicos-bloco-sms&#8221; width=&#8221;1\/3&#8243;][vc_column_text]<\/p>\n<h6 style=\"text-align: left;\">Restitution sans faire le plein<\/h6>\n<h3>Restituez sans faire le plein<\/h3>\n<p>Gr\u00e2ce au service refuel, vous pouvez restituer le v\u00e9hicule sans vous soucier du ravitaillement.<br \/>\nCARPIN s\u2019en charge pour vous.<br \/>\nPlus pratique, impossible.<br \/>\n[\/vc_column_text][\/vc_column_inner][vc_column_inner el_class=&#8221;sevicos-bloco-sms&#8221; width=&#8221;1\/3&#8243;][vc_column_text]<\/p>\n<h6 style=\"text-align: left;\">P\u00e9ages sans arr\u00eat<\/h6>\n<h3>Roulez sans vous arr\u00eater<\/h3>\n<p>Avec la Via Verde incluse dans les v\u00e9hicules CARPIN, les passages aux p\u00e9ages sont factur\u00e9s automatiquement, sans n\u00e9cessit\u00e9 de s\u2019arr\u00eater.<br \/>\n[\/vc_column_text][\/vc_column_inner][\/vc_row_inner][vc_row_inner][vc_column_inner el_class=&#8221;sevicos-bloco-sms&#8221; width=&#8221;1\/3&#8243;][vc_column_text]<\/p>\n<h6 style=\"text-align: left;\">Conducteur additionnel<\/h6>\n<h3>Partagez le volant<\/h3>\n<p>Ajoutez un second conducteur \u00e0 votre r\u00e9servation et partagez la conduite avec confort et flexibilit\u00e9. Id\u00e9al pour les longs trajets ou les vacances en groupe.<br \/>\n[\/vc_column_text][\/vc_column_inner][vc_column_inner el_class=&#8221;sevicos-bloco-sms&#8221; width=&#8221;1\/3&#8243;][vc_column_text]<\/p>\n<h6 style=\"text-align: left;\">S\u00e9curit\u00e9 pour les enfants<\/h6>\n<h3>Un voyage en toute s\u00e9curit\u00e9<\/h3>\n<p>Chez CARPIN, nous mettons \u00e0 disposition des si\u00e8ges auto pour b\u00e9b\u00e9s et enfants, afin que toute la famille voyage confortablement et en toute s\u00e9curit\u00e9.<br \/>\nIl est n\u00e9cessaire de v\u00e9rifier la taille appropri\u00e9e.<br \/>\n[\/vc_column_text][\/vc_column_inner][vc_column_inner el_class=&#8221;sevicos-bloco-sms sevicos-bloco-sms-black&#8221; width=&#8221;1\/3&#8243;][vc_column_text]<\/p>\n<h6 style=\"text-align: left;\">R\u00e9servez un v\u00e9hicule<\/h6>\n<h3>Pr\u00eat \u00e0 prendre la route ?<\/h3>\n<p>Choisissez le mod\u00e8le id\u00e9al et effectuez votre r\u00e9servation en ligne en quelques clics.<br \/>\nUn service rapide, s\u00e9curis\u00e9 et totalement flexible pour votre confort.<br \/>\n[\/vc_column_text][\/vc_column_inner][\/vc_row_inner][vc_column_text]<\/p>\n<p style=\"text-align: left;\">Ces services peuvent \u00eatre soumis \u00e0 des frais suppl\u00e9mentaires.<\/p>\n<p>[\/vc_column_text][\/vc_column][\/vc_row][vc_row full_width=&#8221;stretch_row_content_no_spaces&#8221; el_class=&#8221;page-servicos servicos-top-center services-4&#8243; css=&#8221;.vc_custom_1761312171257{background-image: url(https:\/\/carpin.wevolved.com\/wp-content\/uploads\/2025\/10\/hero-5.png?id=1154072) !important;background-position: center !important;background-repeat: no-repeat !important;background-size: cover !important;}&#8221;][vc_column][vc_column_text]<\/p>\n<h2 style=\"text-align: center;\">Toujours \u00e0 vos c\u00f4t\u00e9s.<\/h2>\n<p style=\"text-align: center;\">Gr\u00e2ce \u00e0 un solide r\u00e9seau de partenaires et de repr\u00e9sentants officiels au Portugal et \u00e0 l\u2019\u00e9tranger,<br \/>\nCARPIN vous garantit un accompagnement fiable o\u00f9 que vous soyez.<\/p>\n<p style=\"text-align: center;\"><a class=\"btn-principal\" href=\"\/reservas\/\">R\u00e9server un v\u00e9hicule<\/a><\/p>\n<p>[\/vc_column_text][\/vc_column][\/vc_row]<\/p>\n","protected":false},"excerpt":{"rendered":"<p>[vc_row full_width=&#8221;stretch_row_content_no_spaces&#8221; el_class=&#8221;page-servicos servicos-top-center services-1&#8243; css=&#8221;.vc_custom_1761312199062{background-image: url(https:\/\/carpin.wevolved.com\/wp-content\/uploads\/2025\/10\/hero-1-1.png?id=1154060) !important;background-position: center !important;background-repeat: no-repeat !important;background-size: cover !important;}&#8221;][vc_column][vc_column_text] Location de v\u00e9hicules pour les entreprises Que vous disposiez d\u2019une petite \u00e9quipe ou d\u2019une grande structure, nous proposons des solutions de mobilit\u00e9 flexibles et adapt\u00e9es \u00e0 vos besoins. [\/vc_column_text][\/vc_column][\/vc_row][vc_row full_width=&#8221;stretch_row_content_no_spaces&#8221; el_class=&#8221;page-servicos servicos-top-left services-2&#8243; css=&#8221;.vc_custom_1761312183024{background-image: url(https:\/\/carpin.wevolved.com\/wp-content\/uploads\/2025\/10\/hero-2-1.png?id=1154063) !important;background-position: center !important;background-repeat: no-repeat !important;background-size: cover [&hellip;]<\/p>\n","protected":false},"author":1,"featured_media":0,"parent":0,"menu_order":0,"comment_status":"closed","ping_status":"closed","template":"","meta":{"footnotes":""},"class_list":["post-69075","page","type-page","status-publish","hentry"],"_links":{"self":[{"href":"https:\/\/carpin.wevolved.com\/fr\/wp-json\/wp\/v2\/pages\/69075","targetHints":{"allow":["GET"]}}],"collection":[{"href":"https:\/\/carpin.wevolved.com\/fr\/wp-json\/wp\/v2\/pages"}],"about":[{"href":"https:\/\/carpin.wevolved.com\/fr\/wp-json\/wp\/v2\/types\/page"}],"author":[{"embeddable":true,"href":"https:\/\/carpin.wevolved.com\/fr\/wp-json\/wp\/v2\/users\/1"}],"replies":[{"embeddable":true,"href":"https:\/\/carpin.wevolved.com\/fr\/wp-json\/wp\/v2\/comments?post=69075"}],"version-history":[{"count":4,"href":"https:\/\/carpin.wevolved.com\/fr\/wp-json\/wp\/v2\/pages\/69075\/revisions"}],"predecessor-version":[{"id":1157530,"href":"https:\/\/carpin.wevolved.com\/fr\/wp-json\/wp\/v2\/pages\/69075\/revisions\/1157530"}],"wp:attachment":[{"href":"https:\/\/carpin.wevolved.com\/fr\/wp-json\/wp\/v2\/media?parent=69075"}],"curies":[{"name":"wp","href":"https:\/\/api.w.org\/{rel}","templated":true}]}}