
{"id":30604,"date":"2024-03-06T10:07:33","date_gmt":"2024-03-06T10:07:33","guid":{"rendered":"https:\/\/carfast.pt\/agences\/"},"modified":"2024-12-19T15:18:06","modified_gmt":"2024-12-19T15:18:06","slug":"agences","status":"publish","type":"page","link":"https:\/\/carpin.wevolved.com\/fr\/agences\/","title":{"rendered":"Agences"},"content":{"rendered":"<p>[vc_row el_class=&#8221;container-pagina agencias&#8221;][vc_column][vc_custom_heading text=&#8221;Nos Agences&#8221; font_container=&#8221;tag:h1|text_align:left&#8221; use_theme_fonts=&#8221;yes&#8221; el_class=&#8221;title&#8221;][vc_column_text]<div class=\"wrapper-agencia\">\n\t        \t\t\t\t<div class=\"content\">\n\t\t        \t\t\t\t<div class=\"tag\">\n\t\t        \t\t\t\t\t<h6>A\u00e9roport de Porto<\/h6>\n\t\t        \t\t\t\t<\/div>\n\t        \t\t\t\t\t<p>[vc_row][vc_column][vc_column_text]<a href=\"https:\/\/www.google.com\/maps\/place\/Rua+Vasconcelos+Costa+466,+4470-558+Moreira\/@41.2359243,-8.667502,17z\/data=!3m1!4b1!4m6!3m5!1s0xd24687e0de266e1:0xb4886e75bb898f1d!8m2!3d41.2359203!4d-8.6649271!16s%2Fg%2F11ts_vwfyr?entry=ttu&amp;g_ep=EgoyMDI1MDEwMi4wIKXMDSoASAFQAw%3D%3D\" target=\"_blank\" rel=\"noopener\">Rua Vasconcelos Costa, n\u00ba 466\r\n4470-558 Moreira<\/a>\r\n(Vers l'Hotel Stay)\r\n\r\n<strong><span style=\"color: #c21522;\">Transfert gratuit de\/vers l'a\u00e9roport de Porto<\/span><\/strong>\r\n\r\n&nbsp;\r\n\r\n<a href=\"tel:252100029\" target=\"_blank\" rel=\"noopener\">+351 252 100 029<\/a> <span class=\"mais-pequeno\">(appel vers le r\u00e9seau fixe national)<\/span>\r\n\r\n<a href=\"mailto:reservas@carfast.pt\" target=\"_blank\" rel=\"noopener\">reservas@carfast.pt<\/a>[\/vc_column_text][\/vc_column][\/vc_row]<\/p>\n\t        \t\t\t\t<\/div>\n\t        \t\t\t\t<div class=\"iframe\">\n\t        \t\t\t\t\t<iframe src=\"https:\/\/www.google.com\/maps\/embed?pb=!1m18!1m12!1m3!1d3000.3575086329456!2d-8.6642857!3d41.2357698!2m3!1f0!2f0!3f0!3m2!1i1024!2i768!4f13.1!3m3!1m2!1s0xd2467b9f54df453%3A0x70358f56956fb750!2sCarfast%20-%20Aeroporto%20do%20Porto!5e0!3m2!1spt-PT!2spt!4v1739897171287!5m2!1spt-PT!2spt\" width=\"600\" height=\"450\" style=\"border:0;\" allowfullscreen=\"\" loading=\"lazy\" referrerpolicy=\"no-referrer-when-downgrade\"><\/iframe>\n\t        \t\t\t\t<\/div>\n\t        \t\t\t<\/div><div class=\"wrapper-agencia\">\n\t        \t\t\t\t<div class=\"content\">\n\t\t        \t\t\t\t<div class=\"tag\">\n\t\t        \t\t\t\t\t<h6>Internacional Car &#8211; A\u00e9roport de Lisbonne<\/h6>\n\t\t        \t\t\t\t<\/div>\n\t        \t\t\t\t\t<p>[vc_row][vc_column][vc_column_text]<a href=\"https:\/\/www.google.com\/maps\/place\/International+Car+Mobility%C2%AE+-+Lisboa\/@38.7671016,-9.1084438,17z\/data=!3m1!4b1!4m6!3m5!1s0xd1933f6daecf705:0xd0db0f53cefaad5a!8m2!3d38.7670974!4d-9.1058635!16s%2Fg%2F11g10q55cn?entry=ttu&amp;g_ep=EgoyMDI1MTEyMy4xIKXMDSoASAFQAw%3D%3D\" target=\"_blank\" rel=\"noopener\">R. Am\u00e9rico de Jesus Fernandes Lote G Lote G,\r\n1800-023 Lisboa<\/a>\r\n\r\n&nbsp;\r\n\r\n<a href=\"tel:300500406\" target=\"_blank\" rel=\"noopener\">+351 300 500 406<\/a> (Appeler un r\u00e9seau t\u00e9l\u00e9phonique fixe national)\r\n\r\n<a href=\"mailto:info@internationalcar.pt\" target=\"_blank\" rel=\"noopener\">info@internationalcar.pt<\/a>[\/vc_column_text][\/vc_column][\/vc_row]<\/p>\n\t        \t\t\t\t<\/div>\n\t        \t\t\t\t<div class=\"iframe\">\n\t        \t\t\t\t\t<iframe src=\"https:\/\/www.google.com\/maps\/embed?pb=!1m18!1m12!1m3!1d3110.8518633712497!2d-9.10844378731011!3d38.767101554261856!2m3!1f0!2f0!3f0!3m2!1i1024!2i768!4f13.1!3m3!1m2!1s0xd1933f6daecf705%3A0xd0db0f53cefaad5a!2sInternational%20Car%20Mobility%C2%AE%20-%20Lisboa!5e0!3m2!1spt-PT!2spt!4v1764684984467!5m2!1spt-PT!2spt\" width=\"600\" height=\"450\" style=\"border:0;\" allowfullscreen=\"\" loading=\"lazy\" referrerpolicy=\"no-referrer-when-downgrade\"><\/iframe>\n\t        \t\t\t\t<\/div>\n\t        \t\t\t<\/div><div class=\"wrapper-agencia\">\n\t        \t\t\t\t<div class=\"content\">\n\t\t        \t\t\t\t<div class=\"tag\">\n\t\t        \t\t\t\t\t<h6>Internacional car &#8211; Madeira<\/h6>\n\t\t        \t\t\t\t<\/div>\n\t        \t\t\t\t\t<p>[vc_row][vc_column][vc_column_text]<a href=\"https:\/\/www.google.com\/maps\/place\/Surprice+Mobility+-+Madeira\/@32.6957315,-16.7860097,17z\/data=!4m10!1m2!2m1!1sS%C3%ADtio+do+Janeiro,+R.+do+Cano+n%C2%BA+40,+9100-101+Santa+Cruz!3m6!1s0xc6063a77b8a9cd7:0x3190d590ea8bcb36!8m2!3d32.6959624!4d-16.7835495!15sCjlTw610aW8gZG8gSmFuZWlybywgUi4gZG8gQ2FubyBuwrogNDAsIDkxMDAtMTAxIFNhbnRhIENydXpaOCI2c8OtdGlvIGRvIGphbmVpcm8gciBkbyBjYW5vIG7CuiA0MCA5MTAwIDEwMSBzYW50YSBjcnV6kgERY2FyX3JlbnRhbF9hZ2VuY3ngAQA!16s%2Fg%2F11fmqb0v91?entry=ttu&amp;g_ep=EgoyMDI1MTEyMy4xIKXMDSoASAFQAw%3D%3D\" target=\"_blank\" rel=\"noopener\">S\u00edtio do Janeiro, R. do Cano n\u00ba 40,\r\n9100-101 Santa Cruz<\/a>\r\n\r\n&nbsp;\r\n\r\n<a href=\"tel:300500406\" target=\"_blank\" rel=\"noopener\">+351 300 500 406<\/a> (Chamada para rede fixa nacional)\r\n\r\n<a href=\"mailto:info@internationalcar.pt\" target=\"_blank\" rel=\"noopener\">info@internationalcar.pt<\/a>[\/vc_column_text][\/vc_column][\/vc_row]<\/p>\n\t        \t\t\t\t<\/div>\n\t        \t\t\t\t<div class=\"iframe\">\n\t        \t\t\t\t\t<iframe src=\"https:\/\/www.google.com\/maps\/embed?pb=!1m18!1m12!1m3!1d3357.6357043099483!2d-16.78600973745513!3d32.695731538023544!2m3!1f0!2f0!3f0!3m2!1i1024!2i768!4f13.1!3m3!1m2!1s0xc6063a77b8a9cd7%3A0x3190d590ea8bcb36!2sSurprice%20Mobility%20-%20Madeira!5e0!3m2!1spt-PT!2spt!4v1764685297030!5m2!1spt-PT!2spt\" width=\"600\" height=\"450\" style=\"border:0;\" allowfullscreen=\"\" loading=\"lazy\" referrerpolicy=\"no-referrer-when-downgrade\"><\/iframe>\n\t        \t\t\t\t<\/div>\n\t        \t\t\t<\/div><div class=\"wrapper-agencia\">\n\t        \t\t\t\t<div class=\"content\">\n\t\t        \t\t\t\t<div class=\"tag\">\n\t\t        \t\t\t\t\t<h6>Internacional car &#8211; Faro<\/h6>\n\t\t        \t\t\t\t<\/div>\n\t        \t\t\t\t\t<p>[vc_row][vc_column][vc_column_text]<a href=\"https:\/\/www.google.com\/maps\/search\/Estrada+Nacional+2,+Campinas,+8005-429+Faro\/@37.0432524,-7.9313404,17z\/data=!3m1!4b1?entry=ttu&amp;g_ep=EgoyMDI1MTEyMy4xIKXMDSoASAFQAw%3D%3D\" target=\"_blank\" rel=\"noopener\">Estrada Nacional 2, Campinas,\r\n8005-429 Faro<\/a>\r\n\r\n&nbsp;\r\n\r\n<a href=\"tel:300500406\" target=\"_blank\" rel=\"noopener\">+351 300 500 406<\/a> (Chamada para rede fixa nacional)\r\n\r\n<a href=\"mailto:info@internationalcar.pt\" target=\"_blank\" rel=\"noopener\">info@internationalcar.pt<\/a>[\/vc_column_text][\/vc_column][\/vc_row]<\/p>\n\t        \t\t\t\t<\/div>\n\t        \t\t\t\t<div class=\"iframe\">\n\t        \t\t\t\t\t<iframe src=\"https:\/\/www.google.com\/maps\/embed?pb=!1m18!1m12!1m3!1d3184.5970761588974!2d-7.931340387353907!3d37.04325235384314!2m3!1f0!2f0!3f0!3m2!1i1024!2i768!4f13.1!3m3!1m2!1s0xd1aadee2159dd2b%3A0xa770d0d0a266155d!2sInternational%20Car%20Mobility%C2%AE%20-%20Faro!5e0!3m2!1spt-PT!2spt!4v1764685135861!5m2!1spt-PT!2spt\" width=\"600\" height=\"450\" style=\"border:0;\" allowfullscreen=\"\" loading=\"lazy\" referrerpolicy=\"no-referrer-when-downgrade\"><\/iframe>\n\t        \t\t\t\t<\/div>\n\t        \t\t\t<\/div><div class=\"wrapper-agencia\">\n\t        \t\t\t\t<div class=\"content\">\n\t\t        \t\t\t\t<div class=\"tag\">\n\t\t        \t\t\t\t\t<h6>Internacional car &#8211; A\u00e7ores  Ponta Delgada<\/h6>\n\t\t        \t\t\t\t<\/div>\n\t        \t\t\t\t\t<p>[vc_row][vc_column][vc_column_text]<a href=\"https:\/\/www.google.com\/maps\/place\/Rua+Engenheiro+Eug%C3%A9nio+Ataide+da+C%C3%A2mara+3,+Arrifes\/@37.7537376,-25.7048591,17z\/data=!3m1!4b1!4m5!3m4!1s0xb432b021626e01d:0x6d885cc32c5a5f16!8m2!3d37.7537334!4d-25.7022788?entry=ttu&amp;g_ep=EgoyMDI1MTEyMy4xIKXMDSoASAFQAw%3D%3D\" target=\"_blank\" rel=\"noopener\">Rua Eng\u00ba Eug\u00e9nio Ataide C\u00e2mara, 3\r\n9500-681 Relva Ponta Delgada<\/a>\r\n\r\n&nbsp;\r\n\r\n<a href=\"tel:300500406\" target=\"_blank\" rel=\"noopener\">+351 300 500 406<\/a> (Chamada para rede fixa nacional)\r\n\r\n<a href=\"mailto:info@internationalcar.pt\" target=\"_blank\" rel=\"noopener\">info@internationalcar.pt<\/a>[\/vc_column_text][\/vc_column][\/vc_row]<\/p>\n\t        \t\t\t\t<\/div>\n\t        \t\t\t\t<div class=\"iframe\">\n\t        \t\t\t\t\t<iframe src=\"https:\/\/www.google.com\/maps\/embed?pb=!1m18!1m12!1m3!1d3154.5483982535247!2d-25.704859087336143!3d37.75373761325275!2m3!1f0!2f0!3f0!3m2!1i1024!2i768!4f13.1!3m3!1m2!1s0xb432b021626e01d%3A0x6d885cc32c5a5f16!2sRua%20Engenheiro%20Eug%C3%A9nio%20Ataide%20da%20C%C3%A2mara%203%2C%20Arrifes!5e0!3m2!1spt-PT!2spt!4v1764685449658!5m2!1spt-PT!2spt\" width=\"600\" height=\"450\" style=\"border:0;\" allowfullscreen=\"\" loading=\"lazy\" referrerpolicy=\"no-referrer-when-downgrade\"><\/iframe>\n\t        \t\t\t\t<\/div>\n\t        \t\t\t<\/div><div class=\"wrapper-agencia\">\n\t        \t\t\t\t<div class=\"content\">\n\t\t        \t\t\t\t<div class=\"tag\">\n\t\t        \t\t\t\t\t<h6>Internacional car &#8211; Porto<\/h6>\n\t\t        \t\t\t\t<\/div>\n\t        \t\t\t\t\t<p>[vc_row][vc_column][vc_column_text]<a href=\"https:\/\/www.google.com\/maps\/place\/International+Car+Mobility%C2%AE+-+Porto\/@41.2250107,-8.6842912,17z\/data=!3m2!4b1!5s0xd24688d49254cc9:0xa1ae72db60ff5134!4m6!3m5!1s0xd2469bad1ce9d65:0xdce4a6f5a2e4e345!8m2!3d41.2250067!4d-8.6817109!16s%2Fg%2F11ghq0tw19?entry=ttu&amp;g_ep=EgoyMDI1MTEyMy4xIKXMDSoASAFQAw%3D%3D\" target=\"_blank\" rel=\"noopener\">R. Farrapas 13 Frac\u00e7\u00e3o I,\r\n4455-589 Perafita<\/a>\r\n\r\n&nbsp;\r\n\r\n<a href=\"tel:300500406\" target=\"_blank\" rel=\"noopener\">+351 300 500 406<\/a> (Chamada para rede fixa nacional)\r\n\r\n<a href=\"mailto:info@internationalcar.pt\" target=\"_blank\" rel=\"noopener\">info@internationalcar.pt<\/a>[\/vc_column_text][\/vc_column][\/vc_row]<\/p>\n\t        \t\t\t\t<\/div>\n\t        \t\t\t\t<div class=\"iframe\">\n\t        \t\t\t\t\t<iframe src=\"https:\/\/www.google.com\/maps\/embed?pb=!1m18!1m12!1m3!1d3000.851307281159!2d-8.684291187244163!3d41.225010705930025!2m3!1f0!2f0!3f0!3m2!1i1024!2i768!4f13.1!3m3!1m2!1s0xd2469bad1ce9d65%3A0xdce4a6f5a2e4e345!2sInternational%20Car%20Mobility%C2%AE%20-%20Porto!5e0!3m2!1spt-PT!2spt!4v1764684716265!5m2!1spt-PT!2spt\" width=\"600\" height=\"450\" style=\"border:0;\" allowfullscreen=\"\" loading=\"lazy\" referrerpolicy=\"no-referrer-when-downgrade\"><\/iframe>\n\t        \t\t\t\t<\/div>\n\t        \t\t\t<\/div><div class=\"wrapper-agencia\">\n\t        \t\t\t\t<div class=\"content\">\n\t\t        \t\t\t\t<div class=\"tag\">\n\t\t        \t\t\t\t\t<h6>Pro Rent &#8211; Porto &#8211; Delfim Ferreira (ZI)<\/h6>\n\t\t        \t\t\t\t<\/div>\n\t        \t\t\t\t\t<p>[vc_row][vc_column][vc_column_text]<a href=\"https:\/\/www.google.com\/maps\/place\/R.+de+Delfim+Ferreira+440,+4100-199+Porto\/@41.1719436,-8.6518516,17z\/data=!3m1!4b1!4m6!3m5!1s0xd24658df77b51d5:0x862015f0d27e9827!8m2!3d41.1719396!4d-8.6492713!16s%2Fg%2F11s7wl7v3d?entry=ttu&amp;g_ep=EgoyMDI1MTEyMy4xIKXMDSoASAFQAw%3D%3D\" target=\"_blank\" rel=\"noopener\">R. de Delfim Ferreira 440,\r\n4100-199 Porto <\/a>\r\n\r\n&nbsp;\r\n\r\n<a href=\"tel:931111113\" target=\"_blank\" rel=\"noopener\">+351 931 111 113<\/a> (Chamada para rede fixa nacional)\r\n\r\n<a href=\"mailto:reservas@prorent.pt\" target=\"_blank\" rel=\"noopener\">reservas@prorent.pt<\/a>[\/vc_column_text][\/vc_column][\/vc_row]<\/p>\n\t        \t\t\t\t<\/div>\n\t        \t\t\t\t<div class=\"iframe\">\n\t        \t\t\t\t\t<iframe src=\"https:\/\/www.google.com\/maps\/embed?pb=!1m18!1m12!1m3!1d3003.2853227217342!2d-8.65185158724567!3d41.17194360920972!2m3!1f0!2f0!3f0!3m2!1i1024!2i768!4f13.1!3m3!1m2!1s0xd24658df77b51d5%3A0x862015f0d27e9827!2sR.%20de%20Delfim%20Ferreira%20440%2C%204100-199%20Porto!5e0!3m2!1spt-PT!2spt!4v1764684316997!5m2!1spt-PT!2spt\" width=\"600\" height=\"450\" style=\"border:0;\" allowfullscreen=\"\" loading=\"lazy\" referrerpolicy=\"no-referrer-when-downgrade\"><\/iframe>\n\t        \t\t\t\t<\/div>\n\t        \t\t\t<\/div><div class=\"wrapper-agencia\">\n\t        \t\t\t\t<div class=\"content\">\n\t\t        \t\t\t\t<div class=\"tag\">\n\t\t        \t\t\t\t\t<h6>Si\u00e8ge social: Trofa<\/h6>\n\t\t        \t\t\t\t<\/div>\n\t        \t\t\t\t\t<p>[vc_row][vc_column][vc_column_text]<a href=\"https:\/\/www.google.com\/maps\/place\/R.+das+Ind%C3%BAstrias+220,+4785-625+Trofa\/@41.3301959,-8.5678845,17z\/data=!3m1!4b1!4m6!3m5!1s0xd245e848d3dcca7:0x9d6795622ee0130!8m2!3d41.3301919!4d-8.5653096!16s%2Fg%2F11jv73pbrt?entry=ttu&amp;g_ep=EgoyMDI1MDEwMi4wIKXMDSoASAFQAw%3D%3D\" target=\"_blank\" rel=\"noopener\">Rua das Ind\u00fastrias, 220\r\n4785-625 Trofa<\/a>\r\n\r\n<a href=\"tel:252100029\" target=\"_blank\" rel=\"noopener\">+351 252 100 029<\/a> (appel vers le r\u00e9seau fixe national)\r\n\r\n<a href=\"mailto:trofa@carfast.pt\" target=\"_blank\" rel=\"noopener\">trofa@carfast.pt<\/a>[\/vc_column_text][\/vc_column][\/vc_row]<\/p>\n\t        \t\t\t\t<\/div>\n\t        \t\t\t\t<div class=\"iframe\">\n\t        \t\t\t\t\t<iframe src=\"https:\/\/www.google.com\/maps\/embed?pb=!1m18!1m12!1m3!1d2996.0193831580336!2d-8.567889887551019!3d41.330191871187445!2m3!1f0!2f0!3f0!3m2!1i1024!2i768!4f13.1!3m3!1m2!1s0xd245e848d3dcca7%3A0x9d6795622ee0130!2sR.%20das%20Ind%C3%BAstrias%20220%2C%204785-625%20Trofa!5e0!3m2!1spt-PT!2spt!4v1713799625503!5m2!1spt-PT!2spt\" width=\"600\" height=\"450\" style=\"border:0;\" allowfullscreen=\"\" loading=\"lazy\" referrerpolicy=\"no-referrer-when-downgrade\"><\/iframe>\n\t        \t\t\t\t<\/div>\n\t        \t\t\t<\/div>[\/vc_column_text][\/vc_column][\/vc_row][vc_row el_class=&#8221;container-pagina agencias estacoes&#8221;][vc_column][vc_custom_heading text=&#8221;Autres Agences&#8221; use_theme_fonts=&#8221;yes&#8221; el_class=&#8221;title&#8221;][vc_column_text]<div class=\"wrapper-estacao\">\n\t        \t\t\t\t<h2>Braga<\/h2>\n\t        \t\t\t\t[vc_row][vc_column][vc_column_text]<strong>JR Rent-a-Car<\/strong>\r\n<a href=\"https:\/\/google.com\/maps\/place\/JR+Rent-a-Car\/@41.5408134,-8.4320017,17z\/data=!3m1!4b1!4m6!3m5!1s0xd24ff065e2e15b5:0x7995979b91c91e2e!8m2!3d41.5408094!4d-8.4294268!16s%2Fg%2F11r6zp2bks?entry=ttu&amp;g_ep=EgoyMDI1MDEwMi4wIKXMDSoASAFQAw%3D%3D\" target=\"_blank\" rel=\"noopener\">Rua Fot\u00f3grafo Arcelino, n\u00ba3 R\/C\r\n4705-109 Braga<\/a>[\/vc_column_text][\/vc_column][\/vc_row]\n\t        \t\t\t<\/div><div class=\"wrapper-estacao\">\n\t        \t\t\t\t<h2>Gondomar<\/h2>\n\t        \t\t\t\t[vc_row][vc_column][vc_column_text]<strong>Cruz &amp; Allen - BBC, Lda<\/strong>\r\n<a href=\"https:\/\/www.google.com\/maps\/place\/Citro%C3%ABn+Gondomar+-+Cruz+%26+Allen+Citroen\/@41.141885,-8.5599939,17z\/data=!3m1!4b1!4m6!3m5!1s0xd2462e62dd2f489:0xd1b806110bb1e5d1!8m2!3d41.141881!4d-8.557419!16s%2Fg%2F1td77vzt?entry=ttu&amp;g_ep=EgoyMDI1MDEwMi4wIKXMDSoASAFQAw%3D%3D\" target=\"_blank\" rel=\"noopener\">Rua D.Francisco de Almeida, n\u00ba81\/89\r\n4420-425 Valbom<\/a>[\/vc_column_text][\/vc_column][\/vc_row]\n\t        \t\t\t<\/div><div class=\"wrapper-estacao\">\n\t        \t\t\t\t<h2>Marco de Canaveses<\/h2>\n\t        \t\t\t\t[vc_row][vc_column][vc_column_text]<strong>Esta\u00e7\u00e3o Galp Marco Canaveses<\/strong>\r\n<a href=\"https:\/\/www.google.com\/maps\/place\/Galp\/@41.181394,-8.1550749,17z\/data=!3m1!4b1!4m6!3m5!1s0xd2497c5669ab76f:0x9350adedf1313ac7!8m2!3d41.18139!4d-8.1525!16s%2Fg%2F1tfnv8rh?entry=ttu&amp;g_ep=EgoyMDI1MDEwMi4wIKXMDSoASAFQAw%3D%3D\" target=\"_blank\" rel=\"noopener\">Av. Dr. Francisco S\u00e1 Carneiro, n\u00ba 651\r\n4630-205 Marco de Canaveses<\/a>[\/vc_column_text][\/vc_column][\/vc_row]\n\t        \t\t\t<\/div><div class=\"wrapper-estacao\">\n\t        \t\t\t\t<h2>Mon\u00e7\u00e3o<\/h2>\n\t        \t\t\t\t[vc_row][vc_column][vc_column_text]<strong>Seguros Vitor Machado<\/strong>\r\n<a href=\"https:\/\/www.google.com\/maps\/place\/Avenida+Da+Boavista+651,+Mazedo\/@42.0744892,-8.4893338,17z\/data=!3m1!4b1!4m5!3m4!1s0xd259d567cf09795:0x9a0f5e248c9d8fdd!8m2!3d42.0744852!4d-8.4867589?entry=ttu&amp;g_ep=EgoyMDI1MDEwMi4wIKXMDSoASAFQAw%3D%3D\" target=\"_blank\" rel=\"noopener\">Avenida da Boavista, n\u00ba 651\r\n4950-500 Mon\u00e7\u00e3o<\/a>\r\n[\/vc_column_text][\/vc_column][\/vc_row]\n\t        \t\t\t<\/div><div class=\"wrapper-estacao\">\n\t        \t\t\t\t<h2>Pa\u00e7os de Ferreira<\/h2>\n\t        \t\t\t\t[vc_row][vc_column][vc_column_text]<strong>Stand Nmotor<\/strong>\r\n<a href=\"https:\/\/www.google.com\/maps\/place\/Nmotor+Pa%C3%A7os+de+Ferreira\/@41.276417,-8.360323,19.75z\/data=!4m10!1m2!2m1!1sStand+Nmotor!3m6!1s0xd248d9955c367bb:0xc72ae0f5533e4bbe!8m2!3d41.2764408!4d-8.3598415!15sCgxTdGFuZCBObW90b3JaDiIMc3RhbmQgbm1vdG9ykgEKY2FyX2RlYWxlcuABAA!16s%2Fg%2F11trlrpqtd?entry=ttu&amp;g_ep=EgoyMDI1MDEwMi4wIKXMDSoASAFQAw%3D%3D\" target=\"_blank\" rel=\"noopener\">Rua de S\u00e3o Domingos, n\u00ba 120\r\n4590-755 Pa\u00e7os de Ferreira<\/a>\r\n[\/vc_column_text][\/vc_column][\/vc_row]\n\t        \t\t\t<\/div><div class=\"wrapper-estacao\">\n\t        \t\t\t\t<h2>Paredes<\/h2>\n\t        \t\t\t\t[vc_row][vc_column][vc_column_text]<strong>Best Travel<\/strong>\r\n<a href=\"https:\/\/www.google.com\/maps\/place\/Bestravel\/@41.2057888,-8.3378504,18.5z\/data=!4m10!1m2!2m1!1sBest+Travel!3m6!1s0xd248e1356da0643:0xf53027665f860821!8m2!3d41.2064353!4d-8.3370018!15sCgtCZXN0IFRyYXZlbJIBDXRyYXZlbF9hZ2VuY3ngAQA!16s%2Fg%2F1ygbb7r24?entry=ttu&amp;g_ep=EgoyMDI1MDEwMi4wIKXMDSoASAFQAw%3D%3D\" target=\"_blank\" rel=\"noopener\">Rua Serpa Pinto, n\u00ba129 Loja 10\r\n4580-204 Paredes<\/a>[\/vc_column_text][\/vc_column][\/vc_row]\n\t        \t\t\t<\/div><div class=\"wrapper-estacao\">\n\t        \t\t\t\t<h2>P\u00f3voa de Varzim<\/h2>\n\t        \t\t\t\t[vc_row][vc_column][vc_column_text]<strong>Ag\u00eancia de Viagens - Leal Tours<\/strong>\r\n<a href=\"https:\/\/www.google.com\/maps\/place\/Leal+Tours\/@41.4152656,-8.6453321,21z\/data=!4m6!3m5!1s0xd245ac7670a5819:0xd61248fa1e19593b!8m2!3d41.4152699!4d-8.6450357!16s%2Fg%2F11bwymr86s?entry=ttu&amp;g_ep=EgoyMDI1MDEwMi4wIKXMDSoASAFQAw%3D%3D\" target=\"_blank\" rel=\"noopener\">N206 E - Rua do Cubo n\u00ba 21\r\n4570-060 Balasar<\/a>\r\n[\/vc_column_text][\/vc_column][\/vc_row]\n\t        \t\t\t<\/div><div class=\"wrapper-estacao\">\n\t        \t\t\t\t<h2>Santo Tirso<\/h2>\n\t        \t\t\t\t[vc_row][vc_column][vc_column_text]<strong>Oficina Topcar - Albino &amp; Filhos<\/strong>\r\n<a href=\"https:\/\/google.com\/maps\/place\/R.+M%C3%A3e+d'%C3%81gua+159,+4780-242+Santo+Tirso\/@41.3337696,-8.4771491,17z\/data=!4m6!3m5!1s0xd24f5838dee9369:0xa281dd40382796fe!8m2!3d41.3331609!4d-8.4770978!16s%2Fg%2F11gm_1_z58?entry=ttu&amp;g_ep=EgoyMDI1MDEwMi4wIKXMDSoASAFQAw%3D%3D\" target=\"_blank\" rel=\"noopener\">Rua M\u00e3e d'\u00c1gua, n\u00ba 159<\/a>[\/vc_column_text][\/vc_column][\/vc_row]\n\t        \t\t\t<\/div><div class=\"wrapper-estacao\">\n\t        \t\t\t\t<h2>Vila das Aves<\/h2>\n\t        \t\t\t\t[vc_row][vc_column][vc_column_text]<strong>Oficina Negrelcar<\/strong>\r\n<a href=\"https:\/\/www.google.com\/maps\/place\/Av.+27+de+Maio+817,+4795-545+S%C3%A3o+Tom%C3%A9\/@41.3590414,-8.3990272,18.25z\/data=!4m6!3m5!1s0xd24f40a3e861c81:0xbb7e52d2ce3a2150!8m2!3d41.358493!4d-8.398056!16s%2Fg%2F11wb1xd978?entry=ttu&amp;g_ep=EgoyMDI1MDEwMi4wIKXMDSoASAFQAw%3D%3D\" target=\"_blank\" rel=\"noopener\">Av. 27 de Maio, n\u00ba 817<\/a>[\/vc_column_text][\/vc_column][\/vc_row]\n\t        \t\t\t<\/div><div class=\"wrapper-estacao\">\n\t        \t\t\t\t<h2>Vila do Conde<\/h2>\n\t        \t\t\t\t[vc_row][vc_column][vc_column_text]<strong>EMAC - SA<\/strong>\r\n<a href=\"https:\/\/www.google.com\/maps\/place\/Av.+Primeiro+de+Maio+1702,+4485-629+Mindelo\/@41.3198379,-8.712287,17z\/data=!4m15!1m8!3m7!1s0xd2443af8fc7d025:0x38a7981105e92cad!2sAv.+Primeiro+de+Maio+1702,+4485-629+Mindelo!3b1!8m2!3d41.3204691!4d-8.7131454!16s%2Fg%2F11qt0_pgw3!3m5!1s0xd2443af8fc7d025:0x38a7981105e92cad!8m2!3d41.3204691!4d-8.7131454!16s%2Fg%2F11qt0_pgw3?entry=ttu&amp;g_ep=EgoyMDI1MDEwMi4wIKXMDSoASAFQAw%3D%3D\" target=\"_blank\" rel=\"noopener\">Avenida 1\u00ba de Maio, n\u00ba 1702\r\n4485-629 Mindelo<\/a>\r\n[\/vc_column_text][\/vc_column][\/vc_row]\n\t        \t\t\t<\/div><div class=\"wrapper-estacao\">\n\t        \t\t\t\t<h2>Vila Nova de Famalic\u00e3o<\/h2>\n\t        \t\t\t\t[vc_row][vc_column][vc_column_text]<strong>BL Motor<\/strong>\r\n<a href=\"https:\/\/www.google.com\/maps\/place\/Audi+-+BL+Motor\/@41.3938087,-8.5575694,14z\/data=!4m10!1m2!2m1!1sZona+Industrial+da+Variante,+Lote+13+4764-901+Vila+Nova+de+Famalic%C3%A3o!3m6!1s0xd2458e946a09261:0xccd2524324ba3e31!8m2!3d41.389995!4d-8.512672!15sCkVab25hIEluZHVzdHJpYWwgZGEgVmFyaWFudGUsIExvdGUgMTMgNDc2NC05MDEgVmlsYSBOb3ZhIGRlIEZhbWFsaWPDo29aRiJEem9uYSBpbmR1c3RyaWFsIGRhIHZhcmlhbnRlIGxvdGUgMTMgNDc2NCA5MDEgdmlsYSBub3ZhIGRlIGZhbWFsaWPDo2-SAQthdWRpX2RlYWxlcuABAA!16s%2Fg%2F1v470mph?entry=ttu&amp;g_ep=EgoyMDI1MDEwMi4wIKXMDSoASAFQAw%3D%3D\" target=\"_blank\" rel=\"noopener\">Zona Industrial da Variante, Lote 13\r\n4764-901 Vila Nova de Famalic\u00e3o<\/a>[\/vc_column_text][\/vc_column][\/vc_row]\n\t        \t\t\t<\/div>[\/vc_column_text][\/vc_column][\/vc_row]<\/p>\n","protected":false},"excerpt":{"rendered":"<p>[vc_row el_class=&#8221;container-pagina agencias&#8221;][vc_column][vc_custom_heading text=&#8221;Nos Agences&#8221; font_container=&#8221;tag:h1|text_align:left&#8221; use_theme_fonts=&#8221;yes&#8221; el_class=&#8221;title&#8221;][vc_column_text][\/vc_column_text][\/vc_column][\/vc_row][vc_row el_class=&#8221;container-pagina agencias estacoes&#8221;][vc_column][vc_custom_heading text=&#8221;Autres Agences&#8221; use_theme_fonts=&#8221;yes&#8221; el_class=&#8221;title&#8221;][vc_column_text][\/vc_column_text][\/vc_column][\/vc_row]<\/p>\n","protected":false},"author":1,"featured_media":0,"parent":0,"menu_order":0,"comment_status":"closed","ping_status":"closed","template":"","meta":{"footnotes":""},"class_list":["post-30604","page","type-page","status-publish","hentry"],"_links":{"self":[{"href":"https:\/\/carpin.wevolved.com\/fr\/wp-json\/wp\/v2\/pages\/30604","targetHints":{"allow":["GET"]}}],"collection":[{"href":"https:\/\/carpin.wevolved.com\/fr\/wp-json\/wp\/v2\/pages"}],"about":[{"href":"https:\/\/carpin.wevolved.com\/fr\/wp-json\/wp\/v2\/types\/page"}],"author":[{"embeddable":true,"href":"https:\/\/carpin.wevolved.com\/fr\/wp-json\/wp\/v2\/users\/1"}],"replies":[{"embeddable":true,"href":"https:\/\/carpin.wevolved.com\/fr\/wp-json\/wp\/v2\/comments?post=30604"}],"version-history":[{"count":0,"href":"https:\/\/carpin.wevolved.com\/fr\/wp-json\/wp\/v2\/pages\/30604\/revisions"}],"wp:attachment":[{"href":"https:\/\/carpin.wevolved.com\/fr\/wp-json\/wp\/v2\/media?parent=30604"}],"curies":[{"name":"wp","href":"https:\/\/api.w.org\/{rel}","templated":true}]}}