
{"id":30123,"date":"2024-03-06T10:05:35","date_gmt":"2024-03-06T10:05:35","guid":{"rendered":"https:\/\/carfast.pt\/homepage\/"},"modified":"2025-12-15T15:40:48","modified_gmt":"2025-12-15T15:40:48","slug":"homepage","status":"publish","type":"page","link":"https:\/\/carpin.wevolved.com\/fr\/","title":{"rendered":"Homepage"},"content":{"rendered":"<p>[vc_row full_width=&#8221;stretch_row_content_no_spaces&#8221; css=&#8221;.vc_custom_1761147262417{background-image: url(https:\/\/carpin.wevolved.com\/wp-content\/uploads\/2025\/10\/homepage-carpin-scaled.png?id=1154006) !important;background-position: center !important;background-repeat: no-repeat !important;background-size: cover !important;}&#8221;][vc_column el_class=&#8221;home-form-reserva&#8221;][vc_empty_space height=&#8221;100vh&#8221;][vc_column_text]<section class=\"formulario-pesq-geral\" data-section=\"1\"><form class=\"reserva-form\" method=\"POST\" action=\"\/reservas\/?passo=2\">\n\t\t\t<div class=\"escolha-veiculos\"><div class=\"ativo\" data-tipo=\"ligeiro\"><img decoding=\"async\" src=\"\/wp-content\/uploads\/2024\/04\/Grupo-47@2x.png\" alt=\"Voitures\" title=\"L\u00e9ger\">L\u00e9ger<\/div><\/div>\n\t\t\t\t<div class=\"estacoes\">\n\t\t\t\t\t<div class=\"levantamento\">\n\t\t\t\t\t\t<h4>Retraits<\/h4>\n\t\t\t\t\t\t<div class=\"elemento estacao-levantamento\"><select name=\"estacao-levantamento\"><option value=\"\">Station d'enqu\u00eate<\/option><option value=\",24,\" data-id-rentcar=\"\" data-id-international=\"24\" data-id-rentway=\"\">A\u00e7ores - Ponta Delgada<\/option><option value=\"5,1,001\" data-id-rentcar=\"5\" data-id-international=\"1\" data-id-rentway=\"001\">Aeroporto Porto<\/option><option value=\",3,\" data-id-rentcar=\"\" data-id-international=\"3\" data-id-rentway=\"\">Faro<\/option><option value=\",6,\" data-id-rentcar=\"\" data-id-international=\"6\" data-id-rentway=\"\">Lisboa<\/option><option value=\",7,\" data-id-rentcar=\"\" data-id-international=\"7\" data-id-rentway=\"\">Madeira<\/option><\/select><\/div>\n\t\t<div class=\"elemento data-levantamento\">\n\t\t\t<input type=\"date\" placeholder=\"Date\" name=\"data-levantamento\">\n\t\t<\/div>\n\t\t<div class=\"elemento hora-levantamento-2\">\n\t\t\t<select name=\"hora-levantamento-2\"><option value=\"00:00\" >00:00<\/option>\n<option value=\"00:30\" >00:30<\/option>\n<option value=\"01:00\" >01:00<\/option>\n<option value=\"01:30\" >01:30<\/option>\n<option value=\"02:00\" >02:00<\/option>\n<option value=\"02:30\" >02:30<\/option>\n<option value=\"03:00\" >03:00<\/option>\n<option value=\"03:30\" >03:30<\/option>\n<option value=\"04:00\" >04:00<\/option>\n<option value=\"04:30\" >04:30<\/option>\n<option value=\"05:00\" >05:00<\/option>\n<option value=\"05:30\" >05:30<\/option>\n<option value=\"06:00\" >06:00<\/option>\n<option value=\"06:30\" >06:30<\/option>\n<option value=\"07:00\" >07:00<\/option>\n<option value=\"07:30\" >07:30<\/option>\n<option value=\"08:00\" >08:00<\/option>\n<option value=\"08:30\" >08:30<\/option>\n<option value=\"09:00\" >09:00<\/option>\n<option value=\"09:30\" selected>09:30<\/option>\n<option value=\"10:00\" >10:00<\/option>\n<option value=\"10:30\" >10:30<\/option>\n<option value=\"11:00\" >11:00<\/option>\n<option value=\"11:30\" >11:30<\/option>\n<option value=\"12:00\" >12:00<\/option>\n<option value=\"12:30\" >12:30<\/option>\n<option value=\"13:00\" >13:00<\/option>\n<option value=\"13:30\" >13:30<\/option>\n<option value=\"14:00\" >14:00<\/option>\n<option value=\"14:30\" >14:30<\/option>\n<option value=\"15:00\" >15:00<\/option>\n<option value=\"15:30\" >15:30<\/option>\n<option value=\"16:00\" >16:00<\/option>\n<option value=\"16:30\" >16:30<\/option>\n<option value=\"17:00\" >17:00<\/option>\n<option value=\"17:30\" >17:30<\/option>\n<option value=\"18:00\" >18:00<\/option>\n<option value=\"18:30\" >18:30<\/option>\n<option value=\"19:00\" >19:00<\/option>\n<option value=\"19:30\" >19:30<\/option>\n<option value=\"20:00\" >20:00<\/option>\n<option value=\"20:30\" >20:30<\/option>\n<option value=\"21:00\" >21:00<\/option>\n<option value=\"21:30\" >21:30<\/option>\n<option value=\"22:00\" >22:00<\/option>\n<option value=\"22:30\" >22:30<\/option>\n<option value=\"23:00\" >23:00<\/option>\n<option value=\"23:30\" >23:30<\/option>\n<\/select>\n\t\t<\/div>\n\t<\/div>\n\t<div class=\"devolucao\">\n\t\t<h4>D\u00e9volution<\/h4>\n\t\t<div class=\"elemento estacao-devolucao\"><select name=\"estacao-devolucao\"><option value=\"\">Gare de retour<\/option><option value=\",24,\" data-id-rentcar=\"\" data-id-international=\"24\" data-id-rentway=\"\">A\u00e7ores - Ponta Delgada<\/option><option value=\",7,\" data-id-rentcar=\"\" data-id-international=\"7\" data-id-rentway=\"\">Madeira<\/option><option value=\",6,\" data-id-rentcar=\"\" data-id-international=\"6\" data-id-rentway=\"\">Lisboa<\/option><option value=\",3,\" data-id-rentcar=\"\" data-id-international=\"3\" data-id-rentway=\"\">Faro<\/option><option value=\"5,1,001\" data-id-rentcar=\"5\" data-id-international=\"1\" data-id-rentway=\"001\">Aeroporto Porto<\/option><\/select><\/div>\n\t\t<div class=\"elemento data-devolucao\">\n\t\t\t<input type=\"date\" placeholder=\"Date\" name=\"data-devolucao\">\n\t\t<\/div>\n\t\t<div class=\"elemento hora-devolucao-2\">\n\t\t\t<select name=\"hora-devolucao-2\"\"><option value=\"00:00\" >00:00<\/option>\n<option value=\"00:30\" >00:30<\/option>\n<option value=\"01:00\" >01:00<\/option>\n<option value=\"01:30\" >01:30<\/option>\n<option value=\"02:00\" >02:00<\/option>\n<option value=\"02:30\" >02:30<\/option>\n<option value=\"03:00\" >03:00<\/option>\n<option value=\"03:30\" >03:30<\/option>\n<option value=\"04:00\" >04:00<\/option>\n<option value=\"04:30\" >04:30<\/option>\n<option value=\"05:00\" >05:00<\/option>\n<option value=\"05:30\" >05:30<\/option>\n<option value=\"06:00\" >06:00<\/option>\n<option value=\"06:30\" >06:30<\/option>\n<option value=\"07:00\" >07:00<\/option>\n<option value=\"07:30\" >07:30<\/option>\n<option value=\"08:00\" >08:00<\/option>\n<option value=\"08:30\" >08:30<\/option>\n<option value=\"09:00\" >09:00<\/option>\n<option value=\"09:30\" selected>09:30<\/option>\n<option value=\"10:00\" >10:00<\/option>\n<option value=\"10:30\" >10:30<\/option>\n<option value=\"11:00\" >11:00<\/option>\n<option value=\"11:30\" >11:30<\/option>\n<option value=\"12:00\" >12:00<\/option>\n<option value=\"12:30\" >12:30<\/option>\n<option value=\"13:00\" >13:00<\/option>\n<option value=\"13:30\" >13:30<\/option>\n<option value=\"14:00\" >14:00<\/option>\n<option value=\"14:30\" >14:30<\/option>\n<option value=\"15:00\" >15:00<\/option>\n<option value=\"15:30\" >15:30<\/option>\n<option value=\"16:00\" >16:00<\/option>\n<option value=\"16:30\" >16:30<\/option>\n<option value=\"17:00\" >17:00<\/option>\n<option value=\"17:30\" >17:30<\/option>\n<option value=\"18:00\" >18:00<\/option>\n<option value=\"18:30\" >18:30<\/option>\n<option value=\"19:00\" >19:00<\/option>\n<option value=\"19:30\" >19:30<\/option>\n<option value=\"20:00\" >20:00<\/option>\n<option value=\"20:30\" >20:30<\/option>\n<option value=\"21:00\" >21:00<\/option>\n<option value=\"21:30\" >21:30<\/option>\n<option value=\"22:00\" >22:00<\/option>\n<option value=\"22:30\" >22:30<\/option>\n<option value=\"23:00\" >23:00<\/option>\n<option value=\"23:30\" >23:30<\/option>\n<\/select>\n\t\t<\/div>\n\t\t<div class=\"elemento idade\">\n\t\t<select name=\"idade\">\n\t\t<option value=\"19\">19 Ann\u00e9es<\/option><option value=\"20\">20 Ann\u00e9es<\/option><option value=\"21\">21 Ann\u00e9es<\/option><option value=\"22\">22 Ann\u00e9es<\/option><option value=\"23\">23 Ann\u00e9es<\/option><option value=\"24\">24 Ann\u00e9es<\/option><option value=\"25\" selected>25 Ann\u00e9es<\/option><option value=\"26\">26 Ann\u00e9es<\/option><option value=\"27\">27 Ann\u00e9es<\/option><option value=\"28\">28 Ann\u00e9es<\/option><option value=\"29\">29 Ann\u00e9es<\/option><option value=\"30\">30 Ann\u00e9es<\/option><option value=\"31\">31 Ann\u00e9es<\/option><option value=\"32\">32 Ann\u00e9es<\/option><option value=\"33\">33 Ann\u00e9es<\/option><option value=\"34\">34 Ann\u00e9es<\/option><option value=\"35\">35 Ann\u00e9es<\/option><option value=\"36\">36 Ann\u00e9es<\/option><option value=\"37\">37 Ann\u00e9es<\/option><option value=\"38\">38 Ann\u00e9es<\/option><option value=\"39\">39 Ann\u00e9es<\/option><option value=\"40\">40 Ann\u00e9es<\/option><option value=\"41\">41 Ann\u00e9es<\/option><option value=\"42\">42 Ann\u00e9es<\/option><option value=\"43\">43 Ann\u00e9es<\/option><option value=\"44\">44 Ann\u00e9es<\/option><option value=\"45\">45 Ann\u00e9es<\/option><option value=\"46\">46 Ann\u00e9es<\/option><option value=\"47\">47 Ann\u00e9es<\/option><option value=\"48\">48 Ann\u00e9es<\/option><option value=\"49\">49 Ann\u00e9es<\/option><option value=\"50\">50 Ann\u00e9es<\/option><option value=\"51\">51 Ann\u00e9es<\/option><option value=\"52\">52 Ann\u00e9es<\/option><option value=\"53\">53 Ann\u00e9es<\/option><option value=\"54\">54 Ann\u00e9es<\/option><option value=\"55\">55 Ann\u00e9es<\/option><option value=\"56\">56 Ann\u00e9es<\/option><option value=\"57\">57 Ann\u00e9es<\/option><option value=\"58\">58 Ann\u00e9es<\/option><option value=\"59\">59 Ann\u00e9es<\/option><option value=\"60\">60 Ann\u00e9es<\/option><option value=\"61\">61 Ann\u00e9es<\/option><option value=\"62\">62 Ann\u00e9es<\/option><option value=\"63\">63 Ann\u00e9es<\/option><option value=\"64\">64 Ann\u00e9es<\/option><option value=\"65\">65 Ann\u00e9es<\/option><option value=\"66\">66 Ann\u00e9es<\/option><option value=\"67\">67 Ann\u00e9es<\/option><option value=\"68\">68 Ann\u00e9es<\/option><option value=\"69\">69 Ann\u00e9es<\/option><option value=\"70\">70 Ann\u00e9es<\/option><option value=\"71\">71 Ann\u00e9es<\/option><option value=\"72\">72 Ann\u00e9es<\/option><option value=\"73\">73 Ann\u00e9es<\/option><option value=\"74\">74 Ann\u00e9es<\/option><option value=\"75\">75 Ann\u00e9es<\/option><option value=\"76\">76 Ann\u00e9es<\/option><option value=\"77\">77 Ann\u00e9es<\/option><option value=\"78\">78 Ann\u00e9es<\/option><option value=\"79\">79 Ann\u00e9es<\/option><option value=\"80\">80 Ann\u00e9es<\/option><option value=\"81\">81 Ann\u00e9es<\/option><option value=\"82\">82 Ann\u00e9es<\/option><option value=\"83\">83 Ann\u00e9es<\/option><option value=\"84\">84 Ann\u00e9es<\/option><option value=\"85\">85 Ann\u00e9es<\/option><option value=\"86\">86 Ann\u00e9es<\/option><option value=\"87\">87 Ann\u00e9es<\/option><option value=\"88\">88 Ann\u00e9es<\/option><option value=\"89\">89 Ann\u00e9es<\/option><option value=\"90\">90 Ann\u00e9es<\/option>\n<\/select>\n\t<\/div>\n<\/div>\n<input type=\"hidden\" name=\"tipo-veiculo\">\n<input id=\"search-reservas\" type=\"submit\" value=\"Recherche\">\n<\/form><\/section>    <script>\n        jQuery(function ($) {\n\n            $('#search-reservas').click(function (event) {\n\n                event.preventDefault();\n\n                const datePickUp = new Date($('input[name=\"data-levantamento\"]').val());\n\n                const dateDropOff = new Date($('input[name=\"data-devolucao\"]').val());\n\n                if (!datePickUp.getTime() || !dateDropOff.getTime()) {\n                    $('<div class=\"erro-form\">Veuillez saisir des informations valides pour la prise en charge et le retour.<\/div>').insertBefore('.reserva-form').delay(3000).fadeOut();\n                    return;\n                }\n\n                if (datePickUp < new Date()) {\n                    $('<div class=\"erro-form\">The withdrawal date cannot be earlier than or equal to the current date.<\/div>').insertBefore('.reserva-form').delay(3000).fadeOut();\n                    return;\n                }\n\n                if (dateDropOff <= datePickUp) {\n                    $('<div class=\"erro-form\">La date de retour doit \u00eatre post\u00e9rieure \u00e0 la date d'enl\u00e8vement.<\/div>').insertBefore('.reserva-form').delay(3000).fadeOut();\n                    return;\n                }\n\n                const horaPickUp = $('select[name=\"hora-levantamento-2\"]').val();\n\n                const horaDropOff = $('select[name=\"hora-devolucao-2\"]').val();\n                if (!horaPickUp || !horaDropOff) {\n                    $('<div class=\"erro-form\">Veuillez s\u00e9lectionner des cr\u00e9neaux horaires de prise en charge et de retour valides.<\/div>').insertBefore('.reserva-form').delay(3000).fadeOut();\n                    return;\n\n                }\n\n                const stationPickUpID = $('select[name=\"estacao-levantamento\"] option:selected').val();\n                const stationDropOffID = $('select[name=\"estacao-devolucao\"] option:selected').val();\n\n                if (!stationPickUpID || !stationDropOffID) {\n                    $('<div class=\"erro-form\">Veuillez s\u00e9lectionner des lieux valides pour la prise en charge et le retour.<\/div>')\n                        .insertBefore('.reserva-form')\n                        .delay(3000)\n                        .fadeOut();\n                    return;\n                }\n\n                \/\/check idade above 19\n                const idade = $('select[name=\"idade\"]').val();\n                if (idade < 19) {\n                    $('<div class=\"erro-form\">L'\u00e2ge minimum pour louer un v\u00e9hicule est de 21 ans.<\/div>').insertBefore('.reserva-form').delay(3000).fadeOut();\n                    return;\n                }\n\n                const tipoVeiculo = $('.escolha-veiculos .ativo').data('tipo');              \/\/set hidden inputs\n                $('input[name=\"tipo-veiculo\"]').val(tipoVeiculo);\n\n                $('#loading-section').show();\n\n                \/\/submit the form\n                $('.reserva-form').off('submit').submit();\n\n            });\n\n                        $('body').addClass('sem-passo');\n                    });\n    <\/script>\n    [\/vc_column_text][\/vc_column][\/vc_row][vc_row full_width=&#8221;stretch_row_content_no_spaces&#8221; el_class=&#8221;campanhas-home&#8221;][vc_column][vc_custom_heading text=&#8221;Trouvez le v\u00e9hicule qui correspond \u00e0 vos besoins.&#8221; font_container=&#8221;tag:h2|text_align:center&#8221; use_theme_fonts=&#8221;yes&#8221;][\/vc_column][\/vc_row][vc_row gap=&#8221;30&#8243; equal_height=&#8221;yes&#8221; css=&#8221;.vc_custom_1736353469554{margin-right: 10% !important;margin-left: 10% !important;}&#8221; el_class=&#8221;container-campanhas&#8221;][vc_column width=&#8221;1\/3&#8243; css=&#8221;.vc_custom_1761205524594{padding-right: 40px !important;padding-left: 40px !important;background-image: url(https:\/\/carpin.wevolved.com\/wp-content\/uploads\/2025\/10\/93c8361661f0f406a142f4c109acef0d3cd5d0ce-scaled.jpg?id=1154010) !important;background-position: center !important;background-repeat: no-repeat !important;background-size: cover !important;}&#8221; el_class=&#8221;coluna-home-force&#8221;][vc_empty_space height=&#8221;20px&#8221;][vc_empty_space height=&#8221;20px&#8221;][vc_custom_heading text=&#8221;L\u00c9G\u00c8RES&#8221; font_container=&#8221;tag:h2|text_align:left|color:%23ffffff&#8221; use_theme_fonts=&#8221;yes&#8221;][vc_btn title=&#8221; R\u00e9server&#8221; el_class=&#8221;btn&#8221; link=&#8221;url:http%3A%2F%2Ffr%2Fcategoria-produto%2Fligeiro%2F|title:Frota&#8221;][vc_column_text]Une voiture pour un usage quotidien ou pour une escapade.[\/vc_column_text][\/vc_column][vc_column width=&#8221;1\/3&#8243; css=&#8221;.vc_custom_1761205533182{padding-right: 40px !important;padding-left: 40px !important;background-image: url(https:\/\/carpin.wevolved.com\/wp-content\/uploads\/2025\/10\/9582ea5fbd5549789214cde2aafffda92606fd00-scaled.jpg?id=1154015) !important;background-position: center !important;background-repeat: no-repeat !important;background-size: cover !important;}&#8221; el_class=&#8221;coluna-home-force&#8221;][vc_empty_space height=&#8221;20px&#8221;][vc_empty_space height=&#8221;20px&#8221;][vc_custom_heading text=&#8221;COMERCIAIS&#8221; font_container=&#8221;tag:h2|text_align:left|color:%23ffffff&#8221; use_theme_fonts=&#8221;yes&#8221;][vc_btn title=&#8221;R\u00e9server&#8221; el_class=&#8221;btn&#8221; link=&#8221;url:http%3A%2F%2Ffr%2Fcategoria-produto%2Fcomercial%2F|title:Frota&#8221;][vc_column_text]Transport efficace, travail fiable.[\/vc_column_text][\/vc_column][vc_column width=&#8221;1\/3&#8243; css=&#8221;.vc_custom_1761205544202{padding-right: 40px !important;padding-left: 40px !important;background-image: url(https:\/\/carpin.wevolved.com\/wp-content\/uploads\/2025\/10\/da9593a0ea993cf4059493e166cceca92823142b.jpg?id=1154018) !important;background-position: center !important;background-repeat: no-repeat !important;background-size: cover !important;}&#8221; el_class=&#8221;coluna-home-force&#8221;][vc_empty_space height=&#8221;20px&#8221;][vc_empty_space height=&#8221;20px&#8221;][vc_custom_heading text=&#8221;AGENCES&#8221; font_container=&#8221;tag:h2|text_align:left|color:%23ffffff&#8221; use_theme_fonts=&#8221;yes&#8221;][vc_btn title=&#8221;Voir les agences&#8221; el_class=&#8221;btn&#8221; link=&#8221;url:http%3A%2F%2Ffr%2Fagencias%2F|title:Frota&#8221;][vc_column_text]O\u00f9 que vous soyez, nous sommes \u00e0 proximit\u00e9.[\/vc_column_text][\/vc_column][\/vc_row][vc_row el_class=&#8221;veiculos-home&#8221;][vc_column][vc_custom_heading text=&#8221;Que ce soit pour les loisirs ou le travail, nous avons la voiture qu&#8217;il vous faut.&#8221; font_container=&#8221;tag:h2|text_align:center&#8221; use_theme_fonts=&#8221;yes&#8221;][vc_column_text]Aucune sous-cat\u00e9gorie trouv\u00e9e.[\/vc_column_text][vc_btn title=&#8221;Voir la flotte compl\u00e8te&#8221; el_class=&#8221;btn&#8221; link=&#8221;url:%2Fcategoria-produto%2Fligeiro%2F|title:Frota&#8221;][\/vc_column][\/vc_row][vc_row full_width=&#8221;stretch_row_content_no_spaces&#8221; el_class=&#8221;testemunhos-home&#8221;][vc_column][vc_custom_heading text=&#8221;La confiance de ceux qui nous ont choisis.&#8221; font_container=&#8221;tag:h2|text_align:center&#8221; use_theme_fonts=&#8221;yes&#8221;][vc_empty_space height=&#8221;20px&#8221;][vc_column_text]<div class=\"wrapper-testemunho\">\n\t        \t\t\t\t<div>\n\t\t        \t\t\t\t<!--<div class=\"img\">\n\t\t        \t\t\t\t\t<img decoding=\"async\" src=\"\" alt=\"Mahoor Mehdikhani\" title=\"Mahoor Mehdikhani\">\n\t\t        \t\t\t\t<\/div>-->\n\t\t        \t\t\t\t<div class=\"content\">\n\t\t        \t\t\t\t\t<h5>Mahoor Mehdikhani<\/h5>\n\t\t        \t\t\t\t\t<p>J'ai eu une excellente exp\u00e9rience avec cette soci\u00e9t\u00e9 de location de voitures. Tr\u00e8s bonne communication, personnel sympathique et prix comp\u00e9titif (j'ai fait ma r\u00e9servation par l'interm\u00e9diaire d'un courtier). Et, comme on le voit sur la photo, leur navette a\u00e9roport est tr\u00e8s cool   <\/p>\n\t        \t\t\t\t\t<\/div>\n\t        \t\t\t\t<\/div>\n\t        \t\t\t<\/div><div class=\"wrapper-testemunho\">\n\t        \t\t\t\t<div>\n\t\t        \t\t\t\t<!--<div class=\"img\">\n\t\t        \t\t\t\t\t<img decoding=\"async\" src=\"\" alt=\"John Durham\" title=\"John Durham\">\n\t\t        \t\t\t\t<\/div>-->\n\t\t        \t\t\t\t<div class=\"content\">\n\t\t        \t\t\t\t\t<h5>John Durham<\/h5>\n\t\t        \t\t\t\t\t<p>Une exp\u00e9rience sans faille, c'est tout ce que je peux dire. Un excellent service, une voiture neuve et propre \u00e0 un prix tr\u00e8s raisonnable. Le personnel \u00e9tait tr\u00e8s serviable et je refuserais Carfast \u00e0 nouveau.  <\/p>\n\t        \t\t\t\t\t<\/div>\n\t        \t\t\t\t<\/div>\n\t        \t\t\t<\/div><div class=\"wrapper-testemunho\">\n\t        \t\t\t\t<div>\n\t\t        \t\t\t\t<!--<div class=\"img\">\n\t\t        \t\t\t\t\t<img decoding=\"async\" src=\"\" alt=\"Ana Ana\" title=\"Ana Ana\">\n\t\t        \t\t\t\t<\/div>-->\n\t\t        \t\t\t\t<div class=\"content\">\n\t\t        \t\t\t\t\t<h5>Ana Ana<\/h5>\n\t\t        \t\t\t\t\t<p>On a l\u2019habitude de louer chez vous quand on va au Portugal. \nJe recommande carfast.\nIls sont s\u00e9rieux, pas d\u2019attente interminable \nA bient\u00f4t<\/p>\n\t        \t\t\t\t\t<\/div>\n\t        \t\t\t\t<\/div>\n\t        \t\t\t<\/div><div class=\"wrapper-testemunho\">\n\t        \t\t\t\t<div>\n\t\t        \t\t\t\t<!--<div class=\"img\">\n\t\t        \t\t\t\t\t<img decoding=\"async\" src=\"\" alt=\"S\u00e9rgio Soares\" title=\"S\u00e9rgio Soares\">\n\t\t        \t\t\t\t<\/div>-->\n\t\t        \t\t\t\t<div class=\"content\">\n\t\t        \t\t\t\t\t<h5>S\u00e9rgio Soares<\/h5>\n\t\t        \t\t\t\t\t<p>Je voudrais remercier Carfast et son personnel pour leur professionnalisme et leur attention \u00e0 mon \u00e9gard. Depuis le d\u00e9but de mon achat d'une voiture de location jusqu'\u00e0 la derni\u00e8re. Ils sont tous super polis et toujours serviables. Je vous souhaite beaucoup de succ\u00e8s et vous remercie tous beaucoup.   <\/p>\n\t        \t\t\t\t\t<\/div>\n\t        \t\t\t\t<\/div>\n\t        \t\t\t<\/div><div class=\"wrapper-testemunho\">\n\t        \t\t\t\t<div>\n\t\t        \t\t\t\t<!--<div class=\"img\">\n\t\t        \t\t\t\t\t<img decoding=\"async\" src=\"\" alt=\"Irene Ribeiro\" title=\"Irene Ribeiro\">\n\t\t        \t\t\t\t<\/div>-->\n\t\t        \t\t\t\t<div class=\"content\">\n\t\t        \t\t\t\t\t<h5>Irene Ribeiro<\/h5>\n\t\t        \t\t\t\t\t<p>Depuis que j'ai rencontr\u00e9 CARFAST, j'ai \u00e9t\u00e9 tellement satisfaite \u00e0 tous \u00e9gards que je ne changerais pas d'agence. Merci beaucoup pour votre excellence. Et \u00e0 bient\u00f4t. Je vous embrasse depuis le Canada<\/p>\n\t        \t\t\t\t\t<\/div>\n\t        \t\t\t\t<\/div>\n\t        \t\t\t<\/div><div class=\"wrapper-testemunho\">\n\t        \t\t\t\t<div>\n\t\t        \t\t\t\t<!--<div class=\"img\">\n\t\t        \t\t\t\t\t<img decoding=\"async\" src=\"https:\/\/carpin.wevolved.com\/wp-content\/uploads\/2024\/03\/avatar_testemunhos_2-1.png\" alt=\"Xavier Silva\" title=\"Xavier Silva\">\n\t\t        \t\t\t\t<\/div>-->\n\t\t        \t\t\t\t<div class=\"content\">\n\t\t        \t\t\t\t\t<h5>Xavier Silva<\/h5>\n\t\t        \t\t\t\t\t<p>Tr\u00e8s bien. Service de haute qualit\u00e9. Je le recommande.<\/p>\n\t        \t\t\t\t\t<\/div>\n\t        \t\t\t\t<\/div>\n\t        \t\t\t<\/div><div class=\"wrapper-testemunho\">\n\t        \t\t\t\t<div>\n\t\t        \t\t\t\t<!--<div class=\"img\">\n\t\t        \t\t\t\t\t<img decoding=\"async\" src=\"https:\/\/carpin.wevolved.com\/wp-content\/uploads\/2024\/03\/avatar_testemunhos_4-1.png\" alt=\"Tom\u00e1s Lopes\" title=\"Tom\u00e1s Lopes\">\n\t\t        \t\t\t\t<\/div>-->\n\t\t        \t\t\t\t<div class=\"content\">\n\t\t        \t\t\t\t\t<h5>Tom\u00e1s Lopes<\/h5>\n\t\t        \t\t\t\t\t<p>Le meilleur ! Bons prix, personnel super sympathique et toujours pr\u00eat \u00e0 aider! <\/p>\n\t        \t\t\t\t\t<\/div>\n\t        \t\t\t\t<\/div>\n\t        \t\t\t<\/div><div class=\"wrapper-testemunho\">\n\t        \t\t\t\t<div>\n\t\t        \t\t\t\t<!--<div class=\"img\">\n\t\t        \t\t\t\t\t<img decoding=\"async\" src=\"https:\/\/carpin.wevolved.com\/wp-content\/uploads\/2024\/03\/avatar_testemunhos_2-1.png\" alt=\"Andr\u00e9 Ferreira\" title=\"Andr\u00e9 Ferreira\">\n\t\t        \t\t\t\t<\/div>-->\n\t\t        \t\t\t\t<div class=\"content\">\n\t\t        \t\t\t\t\t<h5>Andr\u00e9 Ferreira<\/h5>\n\t\t        \t\t\t\t\t<p>De bonnes voitures, toujours propres et \u00e0 de bons prix.<\/p>\n\t        \t\t\t\t\t<\/div>\n\t        \t\t\t\t<\/div>\n\t        \t\t\t<\/div>[\/vc_column_text][\/vc_column][\/vc_row]<\/p>\n","protected":false},"excerpt":{"rendered":"<p>[vc_row full_width=&#8221;stretch_row_content_no_spaces&#8221; css=&#8221;.vc_custom_1761147262417{background-image: url(https:\/\/carpin.wevolved.com\/wp-content\/uploads\/2025\/10\/homepage-carpin-scaled.png?id=1154006) !important;background-position: center !important;background-repeat: no-repeat !important;background-size: cover !important;}&#8221;][vc_column el_class=&#8221;home-form-reserva&#8221;][vc_empty_space height=&#8221;100vh&#8221;][vc_column_text][\/vc_column_text][\/vc_column][\/vc_row][vc_row full_width=&#8221;stretch_row_content_no_spaces&#8221; el_class=&#8221;campanhas-home&#8221;][vc_column][vc_custom_heading text=&#8221;Trouvez le v\u00e9hicule qui correspond \u00e0 vos besoins.&#8221; font_container=&#8221;tag:h2|text_align:center&#8221; use_theme_fonts=&#8221;yes&#8221;][\/vc_column][\/vc_row][vc_row gap=&#8221;30&#8243; equal_height=&#8221;yes&#8221; css=&#8221;.vc_custom_1736353469554{margin-right: 10% !important;margin-left: 10% !important;}&#8221; el_class=&#8221;container-campanhas&#8221;][vc_column width=&#8221;1\/3&#8243; css=&#8221;.vc_custom_1761205524594{padding-right: 40px !important;padding-left: 40px !important;background-image: url(https:\/\/carpin.wevolved.com\/wp-content\/uploads\/2025\/10\/93c8361661f0f406a142f4c109acef0d3cd5d0ce-scaled.jpg?id=1154010) !important;background-position: center !important;background-repeat: no-repeat !important;background-size: cover !important;}&#8221; el_class=&#8221;coluna-home-force&#8221;][vc_empty_space height=&#8221;20px&#8221;][vc_empty_space height=&#8221;20px&#8221;][vc_custom_heading text=&#8221;L\u00c9G\u00c8RES&#8221; font_container=&#8221;tag:h2|text_align:left|color:%23ffffff&#8221; use_theme_fonts=&#8221;yes&#8221;][vc_btn title=&#8221; R\u00e9server&#8221; [&hellip;]<\/p>\n","protected":false},"author":1,"featured_media":0,"parent":0,"menu_order":0,"comment_status":"closed","ping_status":"closed","template":"","meta":{"footnotes":""},"class_list":["post-30123","page","type-page","status-publish","hentry"],"_links":{"self":[{"href":"https:\/\/carpin.wevolved.com\/fr\/wp-json\/wp\/v2\/pages\/30123","targetHints":{"allow":["GET"]}}],"collection":[{"href":"https:\/\/carpin.wevolved.com\/fr\/wp-json\/wp\/v2\/pages"}],"about":[{"href":"https:\/\/carpin.wevolved.com\/fr\/wp-json\/wp\/v2\/types\/page"}],"author":[{"embeddable":true,"href":"https:\/\/carpin.wevolved.com\/fr\/wp-json\/wp\/v2\/users\/1"}],"replies":[{"embeddable":true,"href":"https:\/\/carpin.wevolved.com\/fr\/wp-json\/wp\/v2\/comments?post=30123"}],"version-history":[{"count":3,"href":"https:\/\/carpin.wevolved.com\/fr\/wp-json\/wp\/v2\/pages\/30123\/revisions"}],"predecessor-version":[{"id":1155533,"href":"https:\/\/carpin.wevolved.com\/fr\/wp-json\/wp\/v2\/pages\/30123\/revisions\/1155533"}],"wp:attachment":[{"href":"https:\/\/carpin.wevolved.com\/fr\/wp-json\/wp\/v2\/media?parent=30123"}],"curies":[{"name":"wp","href":"https:\/\/api.w.org\/{rel}","templated":true}]}}